{"id":1410,"date":"2021-10-20T10:12:46","date_gmt":"2021-10-20T08:12:46","guid":{"rendered":"http:\/\/amandinefabry.be\/?page_id=1410"},"modified":"2024-05-13T17:32:30","modified_gmt":"2024-05-13T15:32:30","slug":"serie-addition","status":"publish","type":"page","link":"https:\/\/amandinefabry.be\/index.php\/serie-addition\/","title":{"rendered":"\/\/ s\u00e9rie ADDITION \/\/"},"content":{"rendered":"\n<p id=\"block-9f11dfed-e675-43a4-b6bb-d6c411c4629c\">La vitalit\u00e9 de la couleur, sa force cosmique, sa facticit\u00e9 et la perception que les deux cr\u00e9atrices en ont chacune respectivement est l\u2019\u00e9l\u00e9ment qui a polym\u00e9ris\u00e9 les envies et li\u00e9 les sensibilit\u00e9s dans ce projet. La rencontre plastique se construit et rebondit sur leurs points de compl\u00e9mentarit\u00e9 pour renforcer leurs r\u00e9sonances chromatiques.<\/p>\n\n\n\n<p id=\"block-4a3a534a-7d94-4389-b825-04b22cb96433\">Les variations d\u2019\u00e9chelles et les diff\u00e9rences des rythmes g\u00e9n\u00e8rent des vibrations tout en soustrayant \u00e0 la couleur toute r\u00e9alit\u00e9 substantielle et en en faisant une apparence, quelque chose de changeant, de furtif.<\/p>\n\n\n\n<figure class=\"wp-block-image\" id=\"block-f3caf590-e9c6-48ef-93fd-870d520d007b\"><img decoding=\"async\" src=\"http:\/\/amandinefabry.be\/wp-content\/uploads\/2021\/10\/IMG_5503-copie-1024x770.jpg\" alt=\"L\u2019attribut alt de cette image est vide, son nom de fichier est IMG_5503-copie-1024x770.jpg.\"\/><\/figure>\n\n\n\n<figure class=\"wp-block-gallery has-nested-images columns-default is-cropped wp-block-gallery-1 is-layout-flex wp-block-gallery-is-layout-flex\">\n<figure class=\"wp-block-image size-large\"><img decoding=\"async\" data-id=\"940\" src=\"https:\/\/amandinefabry.be\/wp-content\/uploads\/2021\/10\/42_Tissu_67_3640X3520_MEC_AABBaabb_Layer7_Zoom4.tif\" alt=\"\" class=\"wp-image-940\"\/><\/figure>\n\n\n\n<figure class=\"wp-block-image size-large\"><img loading=\"lazy\" decoding=\"async\" width=\"1024\" height=\"768\" data-id=\"939\" src=\"https:\/\/amandinefabry.be\/wp-content\/uploads\/2021\/10\/40_Tissu_82_3960x2970_MEC_AABBab_Layer6-1024x768.jpg\" alt=\"\" class=\"wp-image-939\" srcset=\"https:\/\/amandinefabry.be\/wp-content\/uploads\/2021\/10\/40_Tissu_82_3960x2970_MEC_AABBab_Layer6-1024x768.jpg 1024w, https:\/\/amandinefabry.be\/wp-content\/uploads\/2021\/10\/40_Tissu_82_3960x2970_MEC_AABBab_Layer6-300x225.jpg 300w, https:\/\/amandinefabry.be\/wp-content\/uploads\/2021\/10\/40_Tissu_82_3960x2970_MEC_AABBab_Layer6-768x576.jpg 768w, https:\/\/amandinefabry.be\/wp-content\/uploads\/2021\/10\/40_Tissu_82_3960x2970_MEC_AABBab_Layer6-1536x1152.jpg 1536w, https:\/\/amandinefabry.be\/wp-content\/uploads\/2021\/10\/40_Tissu_82_3960x2970_MEC_AABBab_Layer6-2048x1536.jpg 2048w\" sizes=\"auto, (max-width: 1024px) 100vw, 1024px\" \/><\/figure>\n<\/figure>\n\n\n\n<figure class=\"wp-block-gallery has-nested-images columns-default is-cropped wp-block-gallery-2 is-layout-flex wp-block-gallery-is-layout-flex\">\n<figure class=\"wp-block-image size-large\"><img loading=\"lazy\" decoding=\"async\" width=\"1024\" height=\"774\" data-id=\"1128\" src=\"https:\/\/amandinefabry.be\/wp-content\/uploads\/2021\/10\/Capture-decran-2021-10-11-a-21.31.59-1024x774.png\" alt=\"\" class=\"wp-image-1128\" srcset=\"https:\/\/amandinefabry.be\/wp-content\/uploads\/2021\/10\/Capture-decran-2021-10-11-a-21.31.59-1024x774.png 1024w, https:\/\/amandinefabry.be\/wp-content\/uploads\/2021\/10\/Capture-decran-2021-10-11-a-21.31.59-300x227.png 300w, https:\/\/amandinefabry.be\/wp-content\/uploads\/2021\/10\/Capture-decran-2021-10-11-a-21.31.59-768x580.png 768w, https:\/\/amandinefabry.be\/wp-content\/uploads\/2021\/10\/Capture-decran-2021-10-11-a-21.31.59-1536x1160.png 1536w, https:\/\/amandinefabry.be\/wp-content\/uploads\/2021\/10\/Capture-decran-2021-10-11-a-21.31.59-2048x1547.png 2048w\" sizes=\"auto, (max-width: 1024px) 100vw, 1024px\" \/><\/figure>\n\n\n\n<figure class=\"wp-block-image size-large\"><img loading=\"lazy\" decoding=\"async\" width=\"1024\" height=\"996\" data-id=\"936\" src=\"https:\/\/amandinefabry.be\/wp-content\/uploads\/2021\/10\/28_Tissu_40_Satin12Degarde_5280X5280_MEC_Layer7_Zoom5-1024x996.jpg\" alt=\"\" class=\"wp-image-936\" srcset=\"https:\/\/amandinefabry.be\/wp-content\/uploads\/2021\/10\/28_Tissu_40_Satin12Degarde_5280X5280_MEC_Layer7_Zoom5-1024x996.jpg 1024w, https:\/\/amandinefabry.be\/wp-content\/uploads\/2021\/10\/28_Tissu_40_Satin12Degarde_5280X5280_MEC_Layer7_Zoom5-300x292.jpg 300w, https:\/\/amandinefabry.be\/wp-content\/uploads\/2021\/10\/28_Tissu_40_Satin12Degarde_5280X5280_MEC_Layer7_Zoom5-768x747.jpg 768w, https:\/\/amandinefabry.be\/wp-content\/uploads\/2021\/10\/28_Tissu_40_Satin12Degarde_5280X5280_MEC_Layer7_Zoom5.jpg 1190w\" sizes=\"auto, (max-width: 1024px) 100vw, 1024px\" \/><\/figure>\n<\/figure>\n\n\n\n<figure class=\"wp-block-gallery has-nested-images columns-default is-cropped wp-block-gallery-3 is-layout-flex wp-block-gallery-is-layout-flex\">\n<figure class=\"wp-block-image size-large\"><img loading=\"lazy\" decoding=\"async\" width=\"1024\" height=\"814\" data-id=\"954\" src=\"https:\/\/amandinefabry.be\/wp-content\/uploads\/2021\/10\/86_Tissu_83_3960X2970_MEC_AABBaabb_Layer1_Zoom1-1024x814.jpg\" alt=\"\" class=\"wp-image-954\" srcset=\"https:\/\/amandinefabry.be\/wp-content\/uploads\/2021\/10\/86_Tissu_83_3960X2970_MEC_AABBaabb_Layer1_Zoom1-1024x814.jpg 1024w, https:\/\/amandinefabry.be\/wp-content\/uploads\/2021\/10\/86_Tissu_83_3960X2970_MEC_AABBaabb_Layer1_Zoom1-300x239.jpg 300w, https:\/\/amandinefabry.be\/wp-content\/uploads\/2021\/10\/86_Tissu_83_3960X2970_MEC_AABBaabb_Layer1_Zoom1-768x611.jpg 768w, https:\/\/amandinefabry.be\/wp-content\/uploads\/2021\/10\/86_Tissu_83_3960X2970_MEC_AABBaabb_Layer1_Zoom1-1536x1221.jpg 1536w, https:\/\/amandinefabry.be\/wp-content\/uploads\/2021\/10\/86_Tissu_83_3960X2970_MEC_AABBaabb_Layer1_Zoom1-2048x1628.jpg 2048w\" sizes=\"auto, (max-width: 1024px) 100vw, 1024px\" \/><\/figure>\n\n\n\n<figure class=\"wp-block-image size-large\"><img loading=\"lazy\" decoding=\"async\" width=\"1024\" height=\"985\" data-id=\"948\" src=\"https:\/\/amandinefabry.be\/wp-content\/uploads\/2021\/10\/72_Tissu_80_2640X3520_MEC_AABBaabb_Layer14_Zoom3f-1024x985.jpg\" alt=\"\" class=\"wp-image-948\" srcset=\"https:\/\/amandinefabry.be\/wp-content\/uploads\/2021\/10\/72_Tissu_80_2640X3520_MEC_AABBaabb_Layer14_Zoom3f-1024x985.jpg 1024w, https:\/\/amandinefabry.be\/wp-content\/uploads\/2021\/10\/72_Tissu_80_2640X3520_MEC_AABBaabb_Layer14_Zoom3f-300x289.jpg 300w, https:\/\/amandinefabry.be\/wp-content\/uploads\/2021\/10\/72_Tissu_80_2640X3520_MEC_AABBaabb_Layer14_Zoom3f-768x739.jpg 768w, https:\/\/amandinefabry.be\/wp-content\/uploads\/2021\/10\/72_Tissu_80_2640X3520_MEC_AABBaabb_Layer14_Zoom3f.jpg 1155w\" sizes=\"auto, (max-width: 1024px) 100vw, 1024px\" \/><\/figure>\n<\/figure>\n\n\n\n<figure class=\"wp-block-gallery has-nested-images columns-default is-cropped wp-block-gallery-4 is-layout-flex wp-block-gallery-is-layout-flex\">\n<figure class=\"wp-block-image size-large\"><img loading=\"lazy\" decoding=\"async\" width=\"908\" height=\"908\" data-id=\"953\" src=\"https:\/\/amandinefabry.be\/wp-content\/uploads\/2021\/10\/83_Tissu_72_3960X2970_MEC_AABBaabb_Layer2_Zoom1.jpg\" alt=\"\" class=\"wp-image-953\" srcset=\"https:\/\/amandinefabry.be\/wp-content\/uploads\/2021\/10\/83_Tissu_72_3960X2970_MEC_AABBaabb_Layer2_Zoom1.jpg 908w, https:\/\/amandinefabry.be\/wp-content\/uploads\/2021\/10\/83_Tissu_72_3960X2970_MEC_AABBaabb_Layer2_Zoom1-300x300.jpg 300w, https:\/\/amandinefabry.be\/wp-content\/uploads\/2021\/10\/83_Tissu_72_3960X2970_MEC_AABBaabb_Layer2_Zoom1-150x150.jpg 150w, https:\/\/amandinefabry.be\/wp-content\/uploads\/2021\/10\/83_Tissu_72_3960X2970_MEC_AABBaabb_Layer2_Zoom1-768x768.jpg 768w, https:\/\/amandinefabry.be\/wp-content\/uploads\/2021\/10\/83_Tissu_72_3960X2970_MEC_AABBaabb_Layer2_Zoom1-600x600.jpg 600w\" sizes=\"auto, (max-width: 908px) 100vw, 908px\" \/><\/figure>\n\n\n\n<figure class=\"wp-block-image size-large\"><img loading=\"lazy\" decoding=\"async\" width=\"1024\" height=\"756\" data-id=\"949\" src=\"https:\/\/amandinefabry.be\/wp-content\/uploads\/2021\/10\/74_Tissu_3_2640X3400_MEC_AAABBBaaabbb_Layer1_Zoom4-1024x756.jpg\" alt=\"\" class=\"wp-image-949\" srcset=\"https:\/\/amandinefabry.be\/wp-content\/uploads\/2021\/10\/74_Tissu_3_2640X3400_MEC_AAABBBaaabbb_Layer1_Zoom4-1024x756.jpg 1024w, https:\/\/amandinefabry.be\/wp-content\/uploads\/2021\/10\/74_Tissu_3_2640X3400_MEC_AAABBBaaabbb_Layer1_Zoom4-300x221.jpg 300w, https:\/\/amandinefabry.be\/wp-content\/uploads\/2021\/10\/74_Tissu_3_2640X3400_MEC_AAABBBaaabbb_Layer1_Zoom4-768x567.jpg 768w, https:\/\/amandinefabry.be\/wp-content\/uploads\/2021\/10\/74_Tissu_3_2640X3400_MEC_AAABBBaaabbb_Layer1_Zoom4.jpg 1393w\" sizes=\"auto, (max-width: 1024px) 100vw, 1024px\" \/><\/figure>\n<\/figure>\n\n\n\n<figure class=\"wp-block-gallery has-nested-images columns-default is-cropped wp-block-gallery-5 is-layout-flex wp-block-gallery-is-layout-flex\">\n<figure class=\"wp-block-image size-large\"><img loading=\"lazy\" decoding=\"async\" width=\"1021\" height=\"1024\" data-id=\"935\" src=\"https:\/\/amandinefabry.be\/wp-content\/uploads\/2021\/10\/26_Tissu_19_Satin12Degrade_3960X3960_SystArmure2_MEC_Decale2_Layer3-1021x1024.jpg\" alt=\"\" class=\"wp-image-935\" srcset=\"https:\/\/amandinefabry.be\/wp-content\/uploads\/2021\/10\/26_Tissu_19_Satin12Degrade_3960X3960_SystArmure2_MEC_Decale2_Layer3-1021x1024.jpg 1021w, https:\/\/amandinefabry.be\/wp-content\/uploads\/2021\/10\/26_Tissu_19_Satin12Degrade_3960X3960_SystArmure2_MEC_Decale2_Layer3-300x300.jpg 300w, https:\/\/amandinefabry.be\/wp-content\/uploads\/2021\/10\/26_Tissu_19_Satin12Degrade_3960X3960_SystArmure2_MEC_Decale2_Layer3-150x150.jpg 150w, https:\/\/amandinefabry.be\/wp-content\/uploads\/2021\/10\/26_Tissu_19_Satin12Degrade_3960X3960_SystArmure2_MEC_Decale2_Layer3-768x770.jpg 768w, https:\/\/amandinefabry.be\/wp-content\/uploads\/2021\/10\/26_Tissu_19_Satin12Degrade_3960X3960_SystArmure2_MEC_Decale2_Layer3-1532x1536.jpg 1532w, https:\/\/amandinefabry.be\/wp-content\/uploads\/2021\/10\/26_Tissu_19_Satin12Degrade_3960X3960_SystArmure2_MEC_Decale2_Layer3-2043x2048.jpg 2043w\" sizes=\"auto, (max-width: 1021px) 100vw, 1021px\" \/><\/figure>\n\n\n\n<figure class=\"wp-block-image size-large\"><img loading=\"lazy\" decoding=\"async\" width=\"1024\" height=\"996\" data-id=\"936\" src=\"https:\/\/amandinefabry.be\/wp-content\/uploads\/2021\/10\/28_Tissu_40_Satin12Degarde_5280X5280_MEC_Layer7_Zoom5-1024x996.jpg\" alt=\"\" class=\"wp-image-936\" srcset=\"https:\/\/amandinefabry.be\/wp-content\/uploads\/2021\/10\/28_Tissu_40_Satin12Degarde_5280X5280_MEC_Layer7_Zoom5-1024x996.jpg 1024w, https:\/\/amandinefabry.be\/wp-content\/uploads\/2021\/10\/28_Tissu_40_Satin12Degarde_5280X5280_MEC_Layer7_Zoom5-300x292.jpg 300w, https:\/\/amandinefabry.be\/wp-content\/uploads\/2021\/10\/28_Tissu_40_Satin12Degarde_5280X5280_MEC_Layer7_Zoom5-768x747.jpg 768w, https:\/\/amandinefabry.be\/wp-content\/uploads\/2021\/10\/28_Tissu_40_Satin12Degarde_5280X5280_MEC_Layer7_Zoom5.jpg 1190w\" sizes=\"auto, (max-width: 1024px) 100vw, 1024px\" \/><\/figure>\n<\/figure>\n\n\n\n<figure class=\"wp-block-gallery has-nested-images columns-default is-cropped wp-block-gallery-6 is-layout-flex wp-block-gallery-is-layout-flex\">\n<figure class=\"wp-block-image size-large\"><img loading=\"lazy\" decoding=\"async\" width=\"1024\" height=\"1022\" data-id=\"932\" src=\"https:\/\/amandinefabry.be\/wp-content\/uploads\/2021\/10\/22_Tissu_19_Satin12Degarde_3960X3960_SystArmure2_MEC_Decale2_Layer9_Zoom2-1024x1022.jpg\" alt=\"\" class=\"wp-image-932\" srcset=\"https:\/\/amandinefabry.be\/wp-content\/uploads\/2021\/10\/22_Tissu_19_Satin12Degarde_3960X3960_SystArmure2_MEC_Decale2_Layer9_Zoom2-1024x1022.jpg 1024w, https:\/\/amandinefabry.be\/wp-content\/uploads\/2021\/10\/22_Tissu_19_Satin12Degarde_3960X3960_SystArmure2_MEC_Decale2_Layer9_Zoom2-300x300.jpg 300w, https:\/\/amandinefabry.be\/wp-content\/uploads\/2021\/10\/22_Tissu_19_Satin12Degarde_3960X3960_SystArmure2_MEC_Decale2_Layer9_Zoom2-150x150.jpg 150w, https:\/\/amandinefabry.be\/wp-content\/uploads\/2021\/10\/22_Tissu_19_Satin12Degarde_3960X3960_SystArmure2_MEC_Decale2_Layer9_Zoom2-768x767.jpg 768w, https:\/\/amandinefabry.be\/wp-content\/uploads\/2021\/10\/22_Tissu_19_Satin12Degarde_3960X3960_SystArmure2_MEC_Decale2_Layer9_Zoom2-1536x1534.jpg 1536w, https:\/\/amandinefabry.be\/wp-content\/uploads\/2021\/10\/22_Tissu_19_Satin12Degarde_3960X3960_SystArmure2_MEC_Decale2_Layer9_Zoom2-2048x2045.jpg 2048w, https:\/\/amandinefabry.be\/wp-content\/uploads\/2021\/10\/22_Tissu_19_Satin12Degarde_3960X3960_SystArmure2_MEC_Decale2_Layer9_Zoom2-600x600.jpg 600w\" sizes=\"auto, (max-width: 1024px) 100vw, 1024px\" \/><\/figure>\n\n\n\n<figure class=\"wp-block-image size-large\"><img loading=\"lazy\" decoding=\"async\" width=\"1024\" height=\"1017\" data-id=\"931\" src=\"https:\/\/amandinefabry.be\/wp-content\/uploads\/2021\/10\/21_Tissu_47_3960X2970_MEC_Layer4_Zoom2-1024x1017.jpg\" alt=\"\" class=\"wp-image-931\" srcset=\"https:\/\/amandinefabry.be\/wp-content\/uploads\/2021\/10\/21_Tissu_47_3960X2970_MEC_Layer4_Zoom2-1024x1017.jpg 1024w, https:\/\/amandinefabry.be\/wp-content\/uploads\/2021\/10\/21_Tissu_47_3960X2970_MEC_Layer4_Zoom2-300x298.jpg 300w, https:\/\/amandinefabry.be\/wp-content\/uploads\/2021\/10\/21_Tissu_47_3960X2970_MEC_Layer4_Zoom2-150x150.jpg 150w, https:\/\/amandinefabry.be\/wp-content\/uploads\/2021\/10\/21_Tissu_47_3960X2970_MEC_Layer4_Zoom2-768x763.jpg 768w, https:\/\/amandinefabry.be\/wp-content\/uploads\/2021\/10\/21_Tissu_47_3960X2970_MEC_Layer4_Zoom2.jpg 1403w\" sizes=\"auto, (max-width: 1024px) 100vw, 1024px\" \/><\/figure>\n<\/figure>\n\n\n\n<figure class=\"wp-block-image\" id=\"block-d80868e6-1676-4224-a1e7-cf4cd0029134\"><img decoding=\"async\" src=\"http:\/\/amandinefabry.be\/wp-content\/uploads\/2021\/10\/Capture-decran-2021-10-11-a-21.36.38-1024x807.png\" alt=\"L\u2019attribut alt de cette image est vide, son nom de fichier est Capture-decran-2021-10-11-a-21.36.38-1024x807.png.\"\/><\/figure>\n","protected":false},"excerpt":{"rendered":"<p>La vitalit\u00e9 de la couleur, sa force cosmique, sa facticit\u00e9 et la perception que les deux cr\u00e9atrices en ont chacune respectivement est l\u2019\u00e9l\u00e9ment qui[\u2026]<\/p>\n","protected":false},"author":3,"featured_media":0,"parent":0,"menu_order":0,"comment_status":"closed","ping_status":"closed","template":"","meta":{"remove_blocks_before_content":false,"remove_blocks_after_content":false,"countdown_timer_date_events":"","disable_reading_progress_bar":false,"footnotes":""},"class_list":["post-1410","page","type-page","status-publish","hentry"],"featured_image_src":null,"featured_image_src_square":null,"_links":{"self":[{"href":"https:\/\/amandinefabry.be\/index.php\/wp-json\/wp\/v2\/pages\/1410","targetHints":{"allow":["GET"]}}],"collection":[{"href":"https:\/\/amandinefabry.be\/index.php\/wp-json\/wp\/v2\/pages"}],"about":[{"href":"https:\/\/amandinefabry.be\/index.php\/wp-json\/wp\/v2\/types\/page"}],"author":[{"embeddable":true,"href":"https:\/\/amandinefabry.be\/index.php\/wp-json\/wp\/v2\/users\/3"}],"replies":[{"embeddable":true,"href":"https:\/\/amandinefabry.be\/index.php\/wp-json\/wp\/v2\/comments?post=1410"}],"version-history":[{"count":5,"href":"https:\/\/amandinefabry.be\/index.php\/wp-json\/wp\/v2\/pages\/1410\/revisions"}],"predecessor-version":[{"id":2539,"href":"https:\/\/amandinefabry.be\/index.php\/wp-json\/wp\/v2\/pages\/1410\/revisions\/2539"}],"wp:attachment":[{"href":"https:\/\/amandinefabry.be\/index.php\/wp-json\/wp\/v2\/media?parent=1410"}],"curies":[{"name":"wp","href":"https:\/\/api.w.org\/{rel}","templated":true}]}}