{"id":1411,"date":"2021-10-20T10:12:46","date_gmt":"2021-10-20T08:12:46","guid":{"rendered":"http:\/\/amandinefabry.be\/?page_id=1411"},"modified":"2024-05-13T17:42:12","modified_gmt":"2024-05-13T15:42:12","slug":"serie-soustraction","status":"publish","type":"page","link":"https:\/\/amandinefabry.be\/index.php\/serie-soustraction\/","title":{"rendered":"\/\/ s\u00e9rie SOUSTRACTION \/\/"},"content":{"rendered":"\n<p id=\"block-4a80c8c5-ca7e-471a-864a-ce8730d55d7e\">Les nuances de gris se substituent \u00e0 la couleur pour rendre l\u2019\u00e9criture textile optique. La couleur tant\u00f4t fid\u00e8le \u00e0 l\u2019objet de captation, tant\u00f4t imagin\u00e9e s\u2019\u00e9teint pour laisser dialoguer les r\u00e9seaux.<\/p>\n\n\n\n<figure class=\"wp-block-gallery has-nested-images columns-default is-cropped wp-block-gallery-1 is-layout-flex wp-block-gallery-is-layout-flex\">\n<figure class=\"wp-block-image size-large\"><img loading=\"lazy\" decoding=\"async\" width=\"1024\" height=\"1017\" data-id=\"923\" src=\"https:\/\/amandinefabry.be\/wp-content\/uploads\/2021\/10\/06-Tissu_73_Satin12Degrade_5280X5700_MEC_AABBaabb_Layer1_Zoom2-1024x1017.jpg\" alt=\"\" class=\"wp-image-923\" srcset=\"https:\/\/amandinefabry.be\/wp-content\/uploads\/2021\/10\/06-Tissu_73_Satin12Degrade_5280X5700_MEC_AABBaabb_Layer1_Zoom2-1024x1017.jpg 1024w, https:\/\/amandinefabry.be\/wp-content\/uploads\/2021\/10\/06-Tissu_73_Satin12Degrade_5280X5700_MEC_AABBaabb_Layer1_Zoom2-300x298.jpg 300w, https:\/\/amandinefabry.be\/wp-content\/uploads\/2021\/10\/06-Tissu_73_Satin12Degrade_5280X5700_MEC_AABBaabb_Layer1_Zoom2-150x150.jpg 150w, https:\/\/amandinefabry.be\/wp-content\/uploads\/2021\/10\/06-Tissu_73_Satin12Degrade_5280X5700_MEC_AABBaabb_Layer1_Zoom2-768x763.jpg 768w, https:\/\/amandinefabry.be\/wp-content\/uploads\/2021\/10\/06-Tissu_73_Satin12Degrade_5280X5700_MEC_AABBaabb_Layer1_Zoom2-1536x1526.jpg 1536w, https:\/\/amandinefabry.be\/wp-content\/uploads\/2021\/10\/06-Tissu_73_Satin12Degrade_5280X5700_MEC_AABBaabb_Layer1_Zoom2.jpg 1692w\" sizes=\"auto, (max-width: 1024px) 100vw, 1024px\" \/><\/figure>\n\n\n\n<figure class=\"wp-block-image size-large\"><img loading=\"lazy\" decoding=\"async\" width=\"1024\" height=\"708\" data-id=\"921\" src=\"https:\/\/amandinefabry.be\/wp-content\/uploads\/2021\/10\/03_Tissu_87_5280X3960_MEC_AABBaabb_Zoom2_Layer12-1024x708.jpg\" alt=\"\" class=\"wp-image-921\" srcset=\"https:\/\/amandinefabry.be\/wp-content\/uploads\/2021\/10\/03_Tissu_87_5280X3960_MEC_AABBaabb_Zoom2_Layer12-1024x708.jpg 1024w, https:\/\/amandinefabry.be\/wp-content\/uploads\/2021\/10\/03_Tissu_87_5280X3960_MEC_AABBaabb_Zoom2_Layer12-300x207.jpg 300w, https:\/\/amandinefabry.be\/wp-content\/uploads\/2021\/10\/03_Tissu_87_5280X3960_MEC_AABBaabb_Zoom2_Layer12-768x531.jpg 768w, https:\/\/amandinefabry.be\/wp-content\/uploads\/2021\/10\/03_Tissu_87_5280X3960_MEC_AABBaabb_Zoom2_Layer12-1536x1062.jpg 1536w, https:\/\/amandinefabry.be\/wp-content\/uploads\/2021\/10\/03_Tissu_87_5280X3960_MEC_AABBaabb_Zoom2_Layer12-2048x1416.jpg 2048w\" sizes=\"auto, (max-width: 1024px) 100vw, 1024px\" \/><\/figure>\n<\/figure>\n\n\n\n<figure class=\"wp-block-gallery has-nested-images columns-default is-cropped wp-block-gallery-2 is-layout-flex wp-block-gallery-is-layout-flex\">\n<figure class=\"wp-block-image size-large\"><img decoding=\"async\" data-id=\"924\" src=\"https:\/\/amandinefabry.be\/wp-content\/uploads\/2021\/10\/10_Tissu_43_MEC_2880X4982_AABBaabb_Zoom5_Layer3_NB_3.tiff\" alt=\"\" class=\"wp-image-924\"\/><\/figure>\n\n\n\n<figure class=\"wp-block-image size-large\"><img loading=\"lazy\" decoding=\"async\" width=\"1024\" height=\"819\" data-id=\"920\" src=\"https:\/\/amandinefabry.be\/wp-content\/uploads\/2021\/10\/02_Tissu_80_2640X3520_MEC_AABBaabb_Layer4_Zoom1b-1024x819.jpg\" alt=\"\" class=\"wp-image-920\" srcset=\"https:\/\/amandinefabry.be\/wp-content\/uploads\/2021\/10\/02_Tissu_80_2640X3520_MEC_AABBaabb_Layer4_Zoom1b-1024x819.jpg 1024w, https:\/\/amandinefabry.be\/wp-content\/uploads\/2021\/10\/02_Tissu_80_2640X3520_MEC_AABBaabb_Layer4_Zoom1b-300x240.jpg 300w, https:\/\/amandinefabry.be\/wp-content\/uploads\/2021\/10\/02_Tissu_80_2640X3520_MEC_AABBaabb_Layer4_Zoom1b-768x614.jpg 768w, https:\/\/amandinefabry.be\/wp-content\/uploads\/2021\/10\/02_Tissu_80_2640X3520_MEC_AABBaabb_Layer4_Zoom1b.jpg 1053w\" sizes=\"auto, (max-width: 1024px) 100vw, 1024px\" \/><\/figure>\n<\/figure>\n\n\n\n<figure class=\"wp-block-image\" id=\"block-1d1eb2f7-1f7e-433e-a12a-f294a3096019\"><img decoding=\"async\" src=\"http:\/\/amandinefabry.be\/wp-content\/uploads\/2021\/10\/01_Tissu_80_2640X3520_MEC_AABBaabb_Layer6_Zoom2-1024x817.jpg\" alt=\"L\u2019attribut alt de cette image est vide, son nom de fichier est 01_Tissu_80_2640X3520_MEC_AABBaabb_Layer6_Zoom2-1024x817.jpg.\"\/><\/figure>\n\n\n\n<figure class=\"wp-block-image size-large\"><img loading=\"lazy\" decoding=\"async\" width=\"1024\" height=\"820\" src=\"http:\/\/amandinefabry.be\/wp-content\/uploads\/2021\/10\/Capture-decran-2021-10-20-a-11.33.45-1024x820.png\" alt=\"\" class=\"wp-image-1471\" srcset=\"https:\/\/amandinefabry.be\/wp-content\/uploads\/2021\/10\/Capture-decran-2021-10-20-a-11.33.45-1024x820.png 1024w, https:\/\/amandinefabry.be\/wp-content\/uploads\/2021\/10\/Capture-decran-2021-10-20-a-11.33.45-300x240.png 300w, https:\/\/amandinefabry.be\/wp-content\/uploads\/2021\/10\/Capture-decran-2021-10-20-a-11.33.45-768x615.png 768w, https:\/\/amandinefabry.be\/wp-content\/uploads\/2021\/10\/Capture-decran-2021-10-20-a-11.33.45-1536x1230.png 1536w, https:\/\/amandinefabry.be\/wp-content\/uploads\/2021\/10\/Capture-decran-2021-10-20-a-11.33.45.png 1556w\" sizes=\"auto, (max-width: 1024px) 100vw, 1024px\" \/><\/figure>\n","protected":false},"excerpt":{"rendered":"<p>Les nuances de gris se substituent \u00e0 la couleur pour rendre l\u2019\u00e9criture textile optique.<br \/> La couleur tant\u00f4t fid\u00e8le \u00e0 l\u2019objet de captation, tant\u00f4t imagin\u00e9e[\u2026]<\/p>\n","protected":false},"author":3,"featured_media":0,"parent":0,"menu_order":0,"comment_status":"closed","ping_status":"closed","template":"","meta":{"remove_blocks_before_content":false,"remove_blocks_after_content":false,"countdown_timer_date_events":"","disable_reading_progress_bar":false,"footnotes":""},"class_list":["post-1411","page","type-page","status-publish","hentry"],"featured_image_src":null,"featured_image_src_square":null,"_links":{"self":[{"href":"https:\/\/amandinefabry.be\/index.php\/wp-json\/wp\/v2\/pages\/1411","targetHints":{"allow":["GET"]}}],"collection":[{"href":"https:\/\/amandinefabry.be\/index.php\/wp-json\/wp\/v2\/pages"}],"about":[{"href":"https:\/\/amandinefabry.be\/index.php\/wp-json\/wp\/v2\/types\/page"}],"author":[{"embeddable":true,"href":"https:\/\/amandinefabry.be\/index.php\/wp-json\/wp\/v2\/users\/3"}],"replies":[{"embeddable":true,"href":"https:\/\/amandinefabry.be\/index.php\/wp-json\/wp\/v2\/comments?post=1411"}],"version-history":[{"count":9,"href":"https:\/\/amandinefabry.be\/index.php\/wp-json\/wp\/v2\/pages\/1411\/revisions"}],"predecessor-version":[{"id":2540,"href":"https:\/\/amandinefabry.be\/index.php\/wp-json\/wp\/v2\/pages\/1411\/revisions\/2540"}],"wp:attachment":[{"href":"https:\/\/amandinefabry.be\/index.php\/wp-json\/wp\/v2\/media?parent=1411"}],"curies":[{"name":"wp","href":"https:\/\/api.w.org\/{rel}","templated":true}]}}