{"id":1670,"date":"2022-12-28T17:38:50","date_gmt":"2022-12-28T16:38:50","guid":{"rendered":"http:\/\/amandinefabry.be\/?page_id=1670"},"modified":"2025-03-16T20:33:05","modified_gmt":"2025-03-16T19:33:05","slug":"trames-factices","status":"publish","type":"page","link":"https:\/\/amandinefabry.be\/index.php\/trames-factices\/","title":{"rendered":"trames factices"},"content":{"rendered":"\n<div class=\"wp-block-columns is-layout-flex wp-container-core-columns-is-layout-1 wp-block-columns-is-layout-flex\">\n<div class=\"wp-block-column is-layout-flow wp-block-column-is-layout-flow\">\n<figure class=\"wp-block-image size-full\"><img decoding=\"async\" src=\"https:\/\/amandinefabry.be\/wp-content\/uploads\/2024\/04\/TramesFactices_LOGO_1.tif\" alt=\"\" class=\"wp-image-2483\"\/><\/figure>\n<\/div>\n\n\n\n<div class=\"wp-block-column is-layout-flow wp-block-column-is-layout-flow\"><\/div>\n<\/div>\n\n\n\n<div class=\"wp-block-columns is-layout-flex wp-container-core-columns-is-layout-2 wp-block-columns-is-layout-flex\">\n<div class=\"wp-block-column is-layout-flow wp-block-column-is-layout-flow\">\n<p><em><strong>tramesFACTICES<\/strong><\/em> is is a textile research project that explores the very idea of fabric, its architecture, plasticity and representations. The graphic work confuse the perception of the fabric; the stripe is used as a reinforcement to thwart the linearity of the weave. The stripe is not used casually, but rather to highlight the textile culture between the lines. The graphics explore the relationship between interlacing and its motifs. The textile lexicon raised by this research titillates the history of textiles and whispers parallels between graphic design, materiality and heritage.<br>The graphic work deforms the representation and perception of fabric. The stripe is used as a reinforcement to thwart the linearity of the weave. The textiles represented are flat, but evoke a striped textile folded into a pleat.<\/p>\n<\/div>\n\n\n\n<div class=\"wp-block-column is-layout-flow wp-block-column-is-layout-flow\">\n<p><em><strong>tramesFACTICES<\/strong><\/em> est une recherche textile qui sonde l\u2019id\u00e9e m\u00eame du tissu, son architecture, sa plasticit\u00e9 et ses repr\u00e9sentations. Le travail graphique mis en oeuvre trompe la perception du tissu; la rayure vient en renfort pour d\u00e9jouer la lin\u00e9arit\u00e9 du tissage. Elle n\u2019est pas mise en avant fortuitement, elle met en avant entre les lignes toute la culture textile. Les graphismes explorent la relation entre l\u2019entrelacs et ses motifs. Le lexique textile soulev\u00e9 par cette recherche titille l\u2019histoire des textiles et chuchote des parall\u00e8les entre graphisme, mat\u00e9rialit\u00e9 et patrimoine.<br>Le travail graphique mis en oeuvre trompe la repr\u00e9sentation du tissu et sa perception. La rayure vient en renfort pour d\u00e9jouer la lin\u00e9arit\u00e9 du tissage. Les textiles repr\u00e9sent\u00e9s sont plats mais \u00e9voquent un textile ray\u00e9 mis en pli.<\/p>\n<\/div>\n<\/div>\n\n\n\n<p class=\"has-text-align-left\"><\/p>\n\n\n\n<div class=\"wp-block-columns is-layout-flex wp-container-core-columns-is-layout-3 wp-block-columns-is-layout-flex\">\n<div class=\"wp-block-column is-layout-flow wp-block-column-is-layout-flow\">\n<figure class=\"wp-block-video\"><video controls src=\"https:\/\/amandinefabry.be\/wp-content\/uploads\/2025\/03\/IMG_4615-2.mov\"><\/video><\/figure>\n<\/div>\n\n\n\n<div class=\"wp-block-column is-layout-flow wp-block-column-is-layout-flow\">\n<figure class=\"wp-block-image size-large\"><img loading=\"lazy\" decoding=\"async\" width=\"819\" height=\"1024\" src=\"https:\/\/amandinefabry.be\/wp-content\/uploads\/2025\/03\/IMG_0950-1-819x1024.jpeg\" alt=\"Img 0950\" class=\"wp-image-3535\" srcset=\"https:\/\/amandinefabry.be\/wp-content\/uploads\/2025\/03\/IMG_0950-1-819x1024.jpeg 819w, https:\/\/amandinefabry.be\/wp-content\/uploads\/2025\/03\/IMG_0950-1-240x300.jpeg 240w, https:\/\/amandinefabry.be\/wp-content\/uploads\/2025\/03\/IMG_0950-1-768x960.jpeg 768w, https:\/\/amandinefabry.be\/wp-content\/uploads\/2025\/03\/IMG_0950-1-1229x1536.jpeg 1229w, https:\/\/amandinefabry.be\/wp-content\/uploads\/2025\/03\/IMG_0950-1.jpeg 1417w\" sizes=\"auto, (max-width: 819px) 100vw, 819px\" \/><\/figure>\n<\/div>\n<\/div>\n\n\n\n<p class=\"has-text-align-left\"><\/p>\n\n\n\n<div class=\"wp-block-columns is-layout-flex wp-container-core-columns-is-layout-4 wp-block-columns-is-layout-flex\">\n<div class=\"wp-block-column is-layout-flow wp-block-column-is-layout-flow\">\n<p>Behind the very idea of a textile lurks the hypothesis of an application. Ultimately, this production falls somewhere between an assertive plastic creation and more applied developments.<\/p>\n\n\n\n<p>La rayure entretient avec le textile un lien fondamental, elle questionne les pr\u00e9mices m\u00eame du tissage et s\u2019invite intuitivement \u00e0 travers cette pratique ; et ce faisant, elle a toujours absorb\u00e9 mon regard.&nbsp;Je ne peux pas \u00e9voquer la rayure sans mentionner les recherches historiques et les analyses \u00e9clairantes de Michel Pastoureau.<\/p>\n\n\n\n<p>Stripes have a fundamental link with textiles, questioning the very beginnings of weaving and intuitively inviting itself into the practice. I can&rsquo;t talk about stripes without mentioning the historical research and enlightening analyses of Michel Pastoureau.<\/p>\n\n\n\n<p>The collection unfolds through a series of <a href=\"http:\/\/amandinefabry.be\/wp-admin\/post.php?post=1876&amp;action=edit\" data-type=\"URL\" data-id=\"http:\/\/amandinefabry.be\/wp-admin\/post.php?post=1876&amp;action=edit\">small<\/a> or <a href=\"http:\/\/amandinefabry.be\/wp-admin\/post.php?post=1807&amp;action=edit\" data-type=\"URL\" data-id=\"http:\/\/amandinefabry.be\/wp-admin\/post.php?post=1807&amp;action=edit\">larges format<\/a> woven textiles produced in <a href=\"http:\/\/amandinefabry.be\/wp-admin\/post.php?post=1804&amp;action=edit\" data-type=\"URL\" data-id=\"http:\/\/amandinefabry.be\/wp-admin\/post.php?post=1804&amp;action=edit\">Belgium<\/a>.<\/p>\n\n\n\n<p><\/p>\n<\/div>\n\n\n\n<div class=\"wp-block-column is-layout-flow wp-block-column-is-layout-flow\">\n<p>Derri\u00e8re l\u2019id\u00e9e m\u00eame d\u2019un textile se tapit l\u2019hypoth\u00e8se d\u2019une application.&nbsp;Cette production s\u2019inscrit en d\u00e9finitive entre une cr\u00e9ation plastique assum\u00e9e et des d\u00e9veloppements plus appliqu\u00e9s.<\/p>\n\n\n\n<p>La rayure entretient avec le textile un lien fondamental, elle questionne les pr\u00e9mices m\u00eame du tissage et s\u2019invite intuitivement \u00e0 travers cette pratique ; et ce faisant, elle a toujours absorb\u00e9 mon regard.&nbsp;Je ne peux pas \u00e9voquer la rayure sans mentionner les recherches historiques et les analyses \u00e9clairantes de Michel Pastoureau.<\/p>\n\n\n\n<p>La rayure entretient avec le textile un lien fondamental, elle questionne les pr\u00e9mices m\u00eame du tissage et s\u2019invite intuitivement \u00e0 travers cette pratique ; et ce faisant, elle a toujours absorb\u00e9 mon regard.&nbsp;Je ne peux pas \u00e9voquer la rayure sans mentionner les recherches historiques et les analyses \u00e9clairantes de Michel Pastoureau.<\/p>\n\n\n\n<p>La collection se d\u00e9plie \u00e0 travers une s\u00e9rie de pi\u00e8ces textiles tiss\u00e9es en <a href=\"http:\/\/amandinefabry.be\/wp-admin\/post.php?post=1876&amp;action=edit\" data-type=\"URL\" data-id=\"http:\/\/amandinefabry.be\/wp-admin\/post.php?post=1876&amp;action=edit\">petits<\/a> ou <a href=\"http:\/\/amandinefabry.be\/wp-admin\/post.php?post=1807&amp;action=edit\" data-type=\"URL\" data-id=\"http:\/\/amandinefabry.be\/wp-admin\/post.php?post=1807&amp;action=edit\">grands formats<\/a> r\u00e9alis\u00e9es <a href=\"http:\/\/amandinefabry.be\/wp-admin\/post.php?post=1804&amp;action=edit\" data-type=\"URL\" data-id=\"http:\/\/amandinefabry.be\/wp-admin\/post.php?post=1804&amp;action=edit\">en Belgique<\/a>.<\/p>\n<\/div>\n<\/div>\n\n\n\n<figure class=\"wp-block-gallery has-nested-images columns-default is-cropped wp-block-gallery-1 is-layout-flex wp-block-gallery-is-layout-flex\">\n<figure class=\"wp-block-image size-large\"><img loading=\"lazy\" decoding=\"async\" width=\"854\" height=\"1024\" data-id=\"1811\" src=\"https:\/\/amandinefabry.be\/wp-content\/uploads\/2023\/09\/NB3-854x1024.jpeg\" alt=\"\" class=\"wp-image-1811\" srcset=\"https:\/\/amandinefabry.be\/wp-content\/uploads\/2023\/09\/NB3-854x1024.jpeg 854w, https:\/\/amandinefabry.be\/wp-content\/uploads\/2023\/09\/NB3-250x300.jpeg 250w, https:\/\/amandinefabry.be\/wp-content\/uploads\/2023\/09\/NB3-768x921.jpeg 768w, https:\/\/amandinefabry.be\/wp-content\/uploads\/2023\/09\/NB3-1281x1536.jpeg 1281w, https:\/\/amandinefabry.be\/wp-content\/uploads\/2023\/09\/NB3-1708x2048.jpeg 1708w, https:\/\/amandinefabry.be\/wp-content\/uploads\/2023\/09\/NB3.jpeg 1987w\" sizes=\"auto, (max-width: 854px) 100vw, 854px\" \/><\/figure>\n\n\n\n<figure class=\"wp-block-image size-large\"><img loading=\"lazy\" decoding=\"async\" width=\"819\" height=\"1024\" data-id=\"2424\" src=\"https:\/\/amandinefabry.be\/wp-content\/uploads\/2024\/03\/TEXTILE-issue-\u00a9Wiktoria-Synak_2-2-edited-819x1024.jpg\" alt=\"\" class=\"wp-image-2424\" srcset=\"https:\/\/amandinefabry.be\/wp-content\/uploads\/2024\/03\/TEXTILE-issue-\u00a9Wiktoria-Synak_2-2-edited-819x1024.jpg 819w, https:\/\/amandinefabry.be\/wp-content\/uploads\/2024\/03\/TEXTILE-issue-\u00a9Wiktoria-Synak_2-2-edited-240x300.jpg 240w, https:\/\/amandinefabry.be\/wp-content\/uploads\/2024\/03\/TEXTILE-issue-\u00a9Wiktoria-Synak_2-2-edited-768x960.jpg 768w, https:\/\/amandinefabry.be\/wp-content\/uploads\/2024\/03\/TEXTILE-issue-\u00a9Wiktoria-Synak_2-2-edited-1229x1536.jpg 1229w, https:\/\/amandinefabry.be\/wp-content\/uploads\/2024\/03\/TEXTILE-issue-\u00a9Wiktoria-Synak_2-2-edited-1639x2048.jpg 1639w, https:\/\/amandinefabry.be\/wp-content\/uploads\/2024\/03\/TEXTILE-issue-\u00a9Wiktoria-Synak_2-2-edited-scaled.jpg 2048w\" sizes=\"auto, (max-width: 819px) 100vw, 819px\" \/><\/figure>\n<\/figure>\n\n\n\n<p><em>\u00ab&nbsp;Il y a toujours dans la rayure quelque chose qui r\u00e9siste \u00e0 l\u2019instauration de syst\u00e8mes, quelque chose qui porte le trouble et la confusion, quelque chose qui \u00ab fait d\u00e9sordre \u00bb. Non seulement la rayure montre et cache \u00e0 la fois, mais elle est tout ensemble la figure et le fond, le fini et l&rsquo;infini, la partie et le tout. \u00bb*<\/em><\/p>\n\n\n\n<p>* Michel Pastoureau, <em>L\u2019\u00e9toffe du Diable, une histoire des rayures et des tissus ray\u00e9es<\/em>, \u00c9ditions du Seuil, 1991, p.146<\/p>\n\n\n\n<div class=\"wp-block-columns is-layout-flex wp-container-core-columns-is-layout-5 wp-block-columns-is-layout-flex\">\n<div class=\"wp-block-column is-layout-flow wp-block-column-is-layout-flow\" style=\"flex-basis:66.66%\">\n<p>Avec le soutien de la F\u00e9d\u00e9ration Wallonie-Bruxelles<\/p>\n<\/div>\n\n\n\n<div class=\"wp-block-column is-layout-flow wp-block-column-is-layout-flow\" style=\"flex-basis:33.33%\">\n<figure class=\"wp-block-gallery has-nested-images columns-default is-cropped wp-block-gallery-2 is-layout-flex wp-block-gallery-is-layout-flex\">\n<figure class=\"wp-block-image size-large\"><img decoding=\"async\" src=\"https:\/\/amandinefabry.be\/wp-content\/uploads\/2023\/11\/FWB_HORI_NOIR.tiff\" alt=\"\" class=\"wp-image-2007\"\/><\/figure>\n<\/figure>\n<\/div>\n<\/div>\n","protected":false},"excerpt":{"rendered":"<p>tramesFACTICES is is a textile research project that explores the very idea of fabric, its architecture, plasticity and representations.<br \/> The graphic work confuse the[\u2026]<\/p>\n","protected":false},"author":3,"featured_media":0,"parent":0,"menu_order":0,"comment_status":"closed","ping_status":"closed","template":"page-templates\/fullwidth.php","meta":{"remove_blocks_before_content":false,"remove_blocks_after_content":false,"countdown_timer_date_events":"","disable_reading_progress_bar":false,"footnotes":""},"class_list":["post-1670","page","type-page","status-publish","hentry"],"featured_image_src":null,"featured_image_src_square":null,"_links":{"self":[{"href":"https:\/\/amandinefabry.be\/index.php\/wp-json\/wp\/v2\/pages\/1670","targetHints":{"allow":["GET"]}}],"collection":[{"href":"https:\/\/amandinefabry.be\/index.php\/wp-json\/wp\/v2\/pages"}],"about":[{"href":"https:\/\/amandinefabry.be\/index.php\/wp-json\/wp\/v2\/types\/page"}],"author":[{"embeddable":true,"href":"https:\/\/amandinefabry.be\/index.php\/wp-json\/wp\/v2\/users\/3"}],"replies":[{"embeddable":true,"href":"https:\/\/amandinefabry.be\/index.php\/wp-json\/wp\/v2\/comments?post=1670"}],"version-history":[{"count":70,"href":"https:\/\/amandinefabry.be\/index.php\/wp-json\/wp\/v2\/pages\/1670\/revisions"}],"predecessor-version":[{"id":3541,"href":"https:\/\/amandinefabry.be\/index.php\/wp-json\/wp\/v2\/pages\/1670\/revisions\/3541"}],"wp:attachment":[{"href":"https:\/\/amandinefabry.be\/index.php\/wp-json\/wp\/v2\/media?parent=1670"}],"curies":[{"name":"wp","href":"https:\/\/api.w.org\/{rel}","templated":true}]}}