{"id":324,"date":"2020-01-19T22:19:48","date_gmt":"2020-01-19T21:19:48","guid":{"rendered":"http:\/\/amandinefabry.be\/?page_id=324"},"modified":"2021-10-23T11:47:23","modified_gmt":"2021-10-23T09:47:23","slug":"creation-secteur-automobile","status":"publish","type":"page","link":"https:\/\/amandinefabry.be\/index.php\/creation-secteur-automobile\/","title":{"rendered":"Cr\u00e9ation dans le secteur automobile"},"content":{"rendered":"\n<p id=\"block-bae9db52-d88c-49da-b64d-ef742b62daa0\">Une petite d\u00e9cennie de recherche et de d\u00e9veloppement dans le secteur automobile. Le paradoxe de ce moment de parcours est le contraste entre la passion pour l&rsquo;entrelacs et le questionnement face au produit et \u00e0 l&rsquo;industrie automobile.<\/p>\n\n\n\n<p id=\"block-f30645f3-7b22-4e8e-934f-940b28daca67\">Fonction de senior designer au sein de la soci\u00e9t\u00e9 <strong>De Witte Lietaer \u00abIndustries\u00bb, <\/strong>devenue AUNDE BELGIUM NV en 2006 <strong>:\u00a0<\/strong>sp\u00e9cialis\u00e9e dans la fabrication des textiles industriels destin\u00e9s au secteur de l&rsquo;automobile.<\/p>\n\n\n\n<ul class=\"wp-block-list\" id=\"block-01dc6060-6561-4475-ba15-7a2b5d47ed94\"><li>Recherche et d\u00e9veloppement, cr\u00e9ations, \u00e9tudes de couleurs, d\u00e9veloppements techniques.<\/li><li>Elaboration, conceptualisation, mise en forme des pr\u00e9sentations de tendances.<\/li><li>Suivi des projets, contacts\/\u00e9changes avec les clients (Ford, Mazda, Land Rover).<\/li><li>Finalisation des projets : nombreux projets finalis\u00e9s pour des v\u00e9hicules commercialis\u00e9s.<\/li><\/ul>\n\n\n\n<figure class=\"wp-block-image\" id=\"block-7df4ff18-a662-43a8-a071-20bcc8f5eca8\"><img decoding=\"async\" src=\"http:\/\/amandinefabry.be\/wp-content\/uploads\/2021\/10\/Photo_Portfolio_2021_2.tiff\" alt=\"L\u2019attribut alt de cette image est vide, son nom de fichier est Photo_Portfolio_2021_2.tiff.\"\/><figcaption><strong>Automotive fabric &#8211; Ford Fusion 2006<\/strong><br>Ford\u2019s designation : \u00ab Ecole \u00bb fabric in Dream Interior in Ghia model (textile de gauche)<br>Ford\u2019s designation : \u00ab ecrin \u00bb fabric in Tanzanite interior in Trend model (textile de droite)<\/figcaption><\/figure>\n\n\n\n<figure class=\"wp-block-image\" id=\"block-24512b77-6395-4701-b5a7-1021b508f330\"><img decoding=\"async\" src=\"http:\/\/amandinefabry.be\/wp-content\/uploads\/2021\/10\/Photo_Portfolio_2021_1.tiff\" alt=\"L\u2019attribut alt de cette image est vide, son nom de fichier est Photo_Portfolio_2021_1.tiff.\"\/><figcaption><strong>Automotive fabric &#8211; Ford Fusion 2006<\/strong><br>Ford\u2019s designation : \u00ab Floe \u00bb fabric in Weave Interior in Fusion+ model<\/figcaption><\/figure>\n\n\n\n<figure class=\"wp-block-image\" id=\"block-ec9539b8-50ae-4898-af1f-cac3b3368d7b\"><img decoding=\"async\" src=\"http:\/\/amandinefabry.be\/wp-content\/uploads\/2021\/10\/Photo_Portfolio_2021_6.tiff\" alt=\"L\u2019attribut alt de cette image est vide, son nom de fichier est Photo_Portfolio_2021_6.tiff.\"\/><figcaption><strong>Automotive fabric &#8211; Ford Focus Coup\u00e9-Cabriolet 2007<\/strong><br>Ford\u2019s designation : \u00ab Piega \u00bb fabric in Trend model<\/figcaption><\/figure>\n\n\n\n<figure class=\"wp-block-image\" id=\"block-9c5c6a28-c78f-4df1-9e88-ee5cb8b7f98a\"><img decoding=\"async\" src=\"http:\/\/amandinefabry.be\/wp-content\/uploads\/2021\/10\/Capture-decran-2021-10-12-a-22.15.54-1024x491.png\" alt=\"L\u2019attribut alt de cette image est vide, son nom de fichier est Capture-decran-2021-10-12-a-22.15.54-1024x491.png.\"\/><figcaption><strong>Automotive fabric &#8211; Ford Fiesta 2006<\/strong><br>Ford\u2019s designation : \u00ab Kyoto \u00bb fabric in Pearl Interior in Ambiente model<\/figcaption><\/figure>\n\n\n\n<figure class=\"wp-block-image\" id=\"block-c59cde32-19be-416c-9d04-7667823757f0\"><img decoding=\"async\" src=\"http:\/\/amandinefabry.be\/wp-content\/uploads\/2021\/10\/Photo_Portfolio_2021_3.tiff\" alt=\"L\u2019attribut alt de cette image est vide, son nom de fichier est Photo_Portfolio_2021_3.tiff.\"\/><figcaption><strong>Automotive fabric &#8211; Ford FocusC-MAX 2005<\/strong><br>Ford\u2019s designation : \u00ab Humy \u00bb fabric in Dream Interior in Trend model<br><strong>Automotive fabric &#8211; Ford Focus 2007<\/strong><br>Ford\u2019s designation : \u00ab Humy \u00bb fabric in Trend model<\/figcaption><\/figure>\n\n\n\n<figure class=\"wp-block-image\" id=\"block-33e72410-c664-4851-99ec-d1ed8d81ff79\"><img decoding=\"async\" src=\"http:\/\/amandinefabry.be\/wp-content\/uploads\/2021\/10\/Photo_Portfolio_2021_5.tiff\" alt=\"L\u2019attribut alt de cette image est vide, son nom de fichier est Photo_Portfolio_2021_5.tiff.\"\/><figcaption><strong>Automotive fabric &#8211; Ford Focus 2007<\/strong><br>Ford\u2019s designation : \u00ab Span \u00bb fabric in Sport model<\/figcaption><\/figure>\n\n\n\n<figure class=\"wp-block-image\" id=\"block-83b84bcc-a831-4335-81ab-3ead1fe100d9\"><img decoding=\"async\" src=\"http:\/\/amandinefabry.be\/wp-content\/uploads\/2021\/10\/Photo_Portfolio_2021_4.tiff\" alt=\"L\u2019attribut alt de cette image est vide, son nom de fichier est Photo_Portfolio_2021_4.tiff.\"\/><figcaption><strong>Automotive fabric &#8211; Ford Focus 2007<\/strong><br>Ford\u2019s designation : \u00ab Volume \u00bb fabric in Dream Interior in ST model<\/figcaption><\/figure>\n\n\n\n<figure class=\"wp-block-image\" id=\"block-2e665338-ce90-411b-aef0-a4e91a03b06a\"><img decoding=\"async\" src=\"http:\/\/amandinefabry.be\/wp-content\/uploads\/2021\/10\/Photo_Portfolio_2021_8.tiff\" alt=\"L\u2019attribut alt de cette image est vide, son nom de fichier est Photo_Portfolio_2021_8.tiff.\"\/><figcaption><strong>Automotive fabric &#8211; Mazda 6 Si, 2004<\/strong><\/figcaption><\/figure>\n\n\n\n<figure class=\"wp-block-image\" id=\"block-cd1180e5-f7d3-467e-9b6d-c2ac19837d69\"><img decoding=\"async\" src=\"http:\/\/amandinefabry.be\/wp-content\/uploads\/2021\/10\/Photo_Portfolio_2021_9.tiff\" alt=\"L\u2019attribut alt de cette image est vide, son nom de fichier est Photo_Portfolio_2021_9.tiff.\"\/><figcaption><strong>Automotive fabric &#8211; Mazda 3, 2004<\/strong><\/figcaption><\/figure>\n\n\n\n<figure class=\"wp-block-image\" id=\"block-8e8061ba-1713-4a05-9e6b-f3ff4b0af883\"><img decoding=\"async\" src=\"http:\/\/amandinefabry.be\/wp-content\/uploads\/2021\/10\/Photo_Portfolio_2021_10.tiff\" alt=\"L\u2019attribut alt de cette image est vide, son nom de fichier est Photo_Portfolio_2021_10.tiff.\"\/><figcaption><strong>Automotive fabric &#8211; Mazda 2 Cosy Model, 2004<\/strong><\/figcaption><\/figure>\n\n\n\n<figure class=\"wp-block-image\" id=\"block-89ca650e-fb2f-4735-83c3-c9ca327dfab9\"><img decoding=\"async\" src=\"http:\/\/amandinefabry.be\/wp-content\/uploads\/2021\/10\/Capture-decran-2021-10-12-a-22.16.57-1024x491.png\" alt=\"L\u2019attribut alt de cette image est vide, son nom de fichier est Capture-decran-2021-10-12-a-22.16.57-1024x491.png.\"\/><figcaption><strong>Automotive fabrics : Research &amp; development<\/strong><\/figcaption><\/figure>\n\n\n\n<figure class=\"wp-block-image\" id=\"block-201e6e9c-ff3e-4e70-a8a1-456c6ee93f03\"><img decoding=\"async\" src=\"http:\/\/amandinefabry.be\/wp-content\/uploads\/2021\/10\/Capture-decran-2021-10-12-a-22.16.20-1024x491.png\" alt=\"L\u2019attribut alt de cette image est vide, son nom de fichier est Capture-decran-2021-10-12-a-22.16.20-1024x491.png.\"\/><figcaption><strong>Automotive fabrics : Research &amp; development<\/strong><\/figcaption><\/figure>\n","protected":false},"excerpt":{"rendered":"<p>Une petite d\u00e9cennie de recherche et de d\u00e9veloppement dans le secteur automobile.<br \/> Le paradoxe de ce moment de parcours est le contraste entre la[\u2026]<\/p>\n","protected":false},"author":3,"featured_media":0,"parent":0,"menu_order":0,"comment_status":"closed","ping_status":"closed","template":"","meta":{"remove_blocks_before_content":false,"remove_blocks_after_content":false,"countdown_timer_date_events":"","disable_reading_progress_bar":false,"footnotes":""},"class_list":["post-324","page","type-page","status-publish","hentry"],"featured_image_src":null,"featured_image_src_square":null,"_links":{"self":[{"href":"https:\/\/amandinefabry.be\/index.php\/wp-json\/wp\/v2\/pages\/324","targetHints":{"allow":["GET"]}}],"collection":[{"href":"https:\/\/amandinefabry.be\/index.php\/wp-json\/wp\/v2\/pages"}],"about":[{"href":"https:\/\/amandinefabry.be\/index.php\/wp-json\/wp\/v2\/types\/page"}],"author":[{"embeddable":true,"href":"https:\/\/amandinefabry.be\/index.php\/wp-json\/wp\/v2\/users\/3"}],"replies":[{"embeddable":true,"href":"https:\/\/amandinefabry.be\/index.php\/wp-json\/wp\/v2\/comments?post=324"}],"version-history":[{"count":9,"href":"https:\/\/amandinefabry.be\/index.php\/wp-json\/wp\/v2\/pages\/324\/revisions"}],"predecessor-version":[{"id":1542,"href":"https:\/\/amandinefabry.be\/index.php\/wp-json\/wp\/v2\/pages\/324\/revisions\/1542"}],"wp:attachment":[{"href":"https:\/\/amandinefabry.be\/index.php\/wp-json\/wp\/v2\/media?parent=324"}],"curies":[{"name":"wp","href":"https:\/\/api.w.org\/{rel}","templated":true}]}}