{"id":333,"date":"2020-01-19T22:31:52","date_gmt":"2020-01-19T21:31:52","guid":{"rendered":"http:\/\/amandinefabry.be\/?page_id=333"},"modified":"2024-05-13T17:53:58","modified_gmt":"2024-05-13T15:53:58","slug":"biennale-de-design-liege","status":"publish","type":"page","link":"https:\/\/amandinefabry.be\/index.php\/biennale-de-design-liege\/","title":{"rendered":"Biennale de Design Li\u00e8ge 2010"},"content":{"rendered":"\n<p><strong>Amandine Fabry et France Marichal, designers textiles &amp; Olivier Sebasoni, photographe<\/strong><\/p>\n\n\n\n<p><em>Entre mati\u00e8res et images,<br>Entre lumi\u00e8res et couleurs&#8230;<\/em><\/p>\n\n\n\n<p>Deux univers se rencontrent et dialoguent.<br>Ce projet est n\u00e9 d\u2019une rencontre de 3 artistes, Amandine Fabry et France Marichal, designers textile et Olivier Sebasoni, photographe.<br>De leurs regards complices sur une certaine nature, de leur appr\u00e9ciation mutuelle et r\u00e9ciproque est n\u00e9e une envie d\u2019interroger l\u2019image et la mati\u00e8re ainsi que leurs processus de cr\u00e9ation respectifs.<br>Observer la m\u00e9tamorphose de la surface et de son image fragment\u00e9e&nbsp;; n\u00e9cessit\u00e9 d\u2019en saisir la particularit\u00e9, d\u2019en utiliser le potentiel.<br>Inviter la nature dans l\u2019\u00e9paisseur d\u00e9voil\u00e9e du tissu.<\/p>\n\n\n\n<p>Laiss\u00e9 aux mains de ces designers textiles, le souffle du vent dans les branches se transforme en mouvement de surface par le jeu du fil invent\u00e9, orchestr\u00e9 dans l\u2019armure du tissage, et exalt\u00e9 par la vibration de la lumi\u00e8re.<br>Les textures et les images se rythment dans les entrelacs, se densifient, s\u2019inventent une mat\u00e9rialit\u00e9 organique, vivante, naturelle.<br>Ces textiles in\u00e9dits, tiss\u00e9s \u00e0 la main se d\u00e9clinent dans une collection destin\u00e9e \u00e0 l\u2019am\u00e9nagement int\u00e9rieur.<br>Les photographies sont ici l\u2019expression de dialogues qui ont \u00e9t\u00e9 de belles occasions de (re)tisser des liens entre le toucher et le regard, entre la mati\u00e8re et la lumi\u00e8re.<\/p>\n\n\n\n<p>Mus\u00e9e d\u2019Art moderne et d\u2019Art contemporain (MAMAC) &#8211; Parc de la Boverie, 3 &#8211; 4020 Li\u00e8ge<\/p>\n\n\n\n<figure class=\"wp-block-gallery has-nested-images columns-default is-cropped wp-block-gallery-1 is-layout-flex wp-block-gallery-is-layout-flex\">\n<figure class=\"wp-block-image size-large\"><img loading=\"lazy\" decoding=\"async\" width=\"1024\" height=\"683\" data-id=\"492\" src=\"https:\/\/amandinefabry.be\/wp-content\/uploads\/2020\/01\/IMG_0378-1-1024x683.jpg\" alt=\"\" class=\"wp-image-492\" srcset=\"https:\/\/amandinefabry.be\/wp-content\/uploads\/2020\/01\/IMG_0378-1-1024x683.jpg 1024w, https:\/\/amandinefabry.be\/wp-content\/uploads\/2020\/01\/IMG_0378-1-300x200.jpg 300w, https:\/\/amandinefabry.be\/wp-content\/uploads\/2020\/01\/IMG_0378-1-768x512.jpg 768w, https:\/\/amandinefabry.be\/wp-content\/uploads\/2020\/01\/IMG_0378-1-1536x1024.jpg 1536w, https:\/\/amandinefabry.be\/wp-content\/uploads\/2020\/01\/IMG_0378-1-2048x1365.jpg 2048w, https:\/\/amandinefabry.be\/wp-content\/uploads\/2020\/01\/IMG_0378-1-600x400.jpg 600w\" sizes=\"auto, (max-width: 1024px) 100vw, 1024px\" \/><\/figure>\n<\/figure>\n\n\n\n<figure class=\"wp-block-gallery has-nested-images columns-default is-cropped wp-block-gallery-2 is-layout-flex wp-block-gallery-is-layout-flex\">\n<figure class=\"wp-block-image size-large\"><img loading=\"lazy\" decoding=\"async\" width=\"237\" height=\"360\" data-id=\"468\" src=\"https:\/\/amandinefabry.be\/wp-content\/uploads\/2020\/01\/Bi\u00e9nale4-1.jpg\" alt=\"\" class=\"wp-image-468\" srcset=\"https:\/\/amandinefabry.be\/wp-content\/uploads\/2020\/01\/Bi\u00e9nale4-1.jpg 237w, https:\/\/amandinefabry.be\/wp-content\/uploads\/2020\/01\/Bi\u00e9nale4-1-198x300.jpg 198w\" sizes=\"auto, (max-width: 237px) 100vw, 237px\" \/><\/figure>\n\n\n\n<figure class=\"wp-block-image size-large\"><img loading=\"lazy\" decoding=\"async\" width=\"1024\" height=\"683\" data-id=\"477\" src=\"https:\/\/amandinefabry.be\/wp-content\/uploads\/2020\/01\/IMG_0273-1-1024x683.jpg\" alt=\"\" class=\"wp-image-477\" srcset=\"https:\/\/amandinefabry.be\/wp-content\/uploads\/2020\/01\/IMG_0273-1-1024x683.jpg 1024w, https:\/\/amandinefabry.be\/wp-content\/uploads\/2020\/01\/IMG_0273-1-300x200.jpg 300w, https:\/\/amandinefabry.be\/wp-content\/uploads\/2020\/01\/IMG_0273-1-768x512.jpg 768w, https:\/\/amandinefabry.be\/wp-content\/uploads\/2020\/01\/IMG_0273-1-1536x1024.jpg 1536w, https:\/\/amandinefabry.be\/wp-content\/uploads\/2020\/01\/IMG_0273-1-2048x1365.jpg 2048w, https:\/\/amandinefabry.be\/wp-content\/uploads\/2020\/01\/IMG_0273-1-600x400.jpg 600w\" sizes=\"auto, (max-width: 1024px) 100vw, 1024px\" \/><\/figure>\n<\/figure>\n\n\n\n<figure class=\"wp-block-gallery has-nested-images columns-default is-cropped wp-block-gallery-3 is-layout-flex wp-block-gallery-is-layout-flex\">\n<figure class=\"wp-block-image size-large\"><img loading=\"lazy\" decoding=\"async\" width=\"1024\" height=\"683\" data-id=\"160\" src=\"https:\/\/amandinefabry.be\/wp-content\/uploads\/2020\/01\/IMG_0368-1024x683.jpg\" alt=\"\" class=\"wp-image-160\" srcset=\"https:\/\/amandinefabry.be\/wp-content\/uploads\/2020\/01\/IMG_0368-1024x683.jpg 1024w, https:\/\/amandinefabry.be\/wp-content\/uploads\/2020\/01\/IMG_0368-300x200.jpg 300w, https:\/\/amandinefabry.be\/wp-content\/uploads\/2020\/01\/IMG_0368-768x512.jpg 768w, https:\/\/amandinefabry.be\/wp-content\/uploads\/2020\/01\/IMG_0368-1536x1024.jpg 1536w, https:\/\/amandinefabry.be\/wp-content\/uploads\/2020\/01\/IMG_0368-2048x1365.jpg 2048w, https:\/\/amandinefabry.be\/wp-content\/uploads\/2020\/01\/IMG_0368-930x620.jpg 930w\" sizes=\"auto, (max-width: 1024px) 100vw, 1024px\" \/><\/figure>\n\n\n\n<figure class=\"wp-block-image size-large\"><img loading=\"lazy\" decoding=\"async\" width=\"1024\" height=\"683\" data-id=\"161\" src=\"https:\/\/amandinefabry.be\/wp-content\/uploads\/2020\/01\/IMG_0369-1024x683.jpg\" alt=\"\" class=\"wp-image-161\" srcset=\"https:\/\/amandinefabry.be\/wp-content\/uploads\/2020\/01\/IMG_0369-1024x683.jpg 1024w, https:\/\/amandinefabry.be\/wp-content\/uploads\/2020\/01\/IMG_0369-300x200.jpg 300w, https:\/\/amandinefabry.be\/wp-content\/uploads\/2020\/01\/IMG_0369-768x512.jpg 768w, https:\/\/amandinefabry.be\/wp-content\/uploads\/2020\/01\/IMG_0369-1536x1024.jpg 1536w, https:\/\/amandinefabry.be\/wp-content\/uploads\/2020\/01\/IMG_0369-2048x1365.jpg 2048w, https:\/\/amandinefabry.be\/wp-content\/uploads\/2020\/01\/IMG_0369-930x620.jpg 930w\" sizes=\"auto, (max-width: 1024px) 100vw, 1024px\" \/><\/figure>\n<\/figure>\n\n\n\n<figure class=\"wp-block-gallery has-nested-images columns-default is-cropped wp-block-gallery-4 is-layout-flex wp-block-gallery-is-layout-flex\">\n<figure class=\"wp-block-image size-large\"><img loading=\"lazy\" decoding=\"async\" width=\"438\" height=\"1024\" data-id=\"483\" src=\"https:\/\/amandinefabry.be\/wp-content\/uploads\/2020\/01\/Bo\u00eete08-438x1024.jpg\" alt=\"\" class=\"wp-image-483\" srcset=\"https:\/\/amandinefabry.be\/wp-content\/uploads\/2020\/01\/Bo\u00eete08-438x1024.jpg 438w, https:\/\/amandinefabry.be\/wp-content\/uploads\/2020\/01\/Bo\u00eete08-128x300.jpg 128w, https:\/\/amandinefabry.be\/wp-content\/uploads\/2020\/01\/Bo\u00eete08-768x1798.jpg 768w, https:\/\/amandinefabry.be\/wp-content\/uploads\/2020\/01\/Bo\u00eete08-875x2048.jpg 875w, https:\/\/amandinefabry.be\/wp-content\/uploads\/2020\/01\/Bo\u00eete08-scaled.jpg 1094w\" sizes=\"auto, (max-width: 438px) 100vw, 438px\" \/><\/figure>\n\n\n\n<figure class=\"wp-block-image size-large\"><img loading=\"lazy\" decoding=\"async\" width=\"439\" height=\"1024\" data-id=\"484\" src=\"https:\/\/amandinefabry.be\/wp-content\/uploads\/2020\/01\/Bo\u00eete11-439x1024.jpg\" alt=\"\" class=\"wp-image-484\" srcset=\"https:\/\/amandinefabry.be\/wp-content\/uploads\/2020\/01\/Bo\u00eete11-439x1024.jpg 439w, https:\/\/amandinefabry.be\/wp-content\/uploads\/2020\/01\/Bo\u00eete11-129x300.jpg 129w, https:\/\/amandinefabry.be\/wp-content\/uploads\/2020\/01\/Bo\u00eete11-768x1791.jpg 768w, https:\/\/amandinefabry.be\/wp-content\/uploads\/2020\/01\/Bo\u00eete11-659x1536.jpg 659w, https:\/\/amandinefabry.be\/wp-content\/uploads\/2020\/01\/Bo\u00eete11.jpg 857w\" sizes=\"auto, (max-width: 439px) 100vw, 439px\" \/><\/figure>\n\n\n\n<figure class=\"wp-block-image size-large\"><img loading=\"lazy\" decoding=\"async\" width=\"434\" height=\"1024\" data-id=\"486\" src=\"https:\/\/amandinefabry.be\/wp-content\/uploads\/2020\/01\/Bo\u00eete21-434x1024.jpg\" alt=\"\" class=\"wp-image-486\" srcset=\"https:\/\/amandinefabry.be\/wp-content\/uploads\/2020\/01\/Bo\u00eete21-434x1024.jpg 434w, https:\/\/amandinefabry.be\/wp-content\/uploads\/2020\/01\/Bo\u00eete21-127x300.jpg 127w, https:\/\/amandinefabry.be\/wp-content\/uploads\/2020\/01\/Bo\u00eete21-768x1813.jpg 768w, https:\/\/amandinefabry.be\/wp-content\/uploads\/2020\/01\/Bo\u00eete21-651x1536.jpg 651w, https:\/\/amandinefabry.be\/wp-content\/uploads\/2020\/01\/Bo\u00eete21-868x2048.jpg 868w, https:\/\/amandinefabry.be\/wp-content\/uploads\/2020\/01\/Bo\u00eete21-scaled.jpg 1084w\" sizes=\"auto, (max-width: 434px) 100vw, 434px\" \/><\/figure>\n\n\n\n<figure class=\"wp-block-image size-large\"><img loading=\"lazy\" decoding=\"async\" width=\"433\" height=\"1024\" data-id=\"485\" src=\"https:\/\/amandinefabry.be\/wp-content\/uploads\/2020\/01\/Bo\u00eete17-433x1024.jpg\" alt=\"\" class=\"wp-image-485\" srcset=\"https:\/\/amandinefabry.be\/wp-content\/uploads\/2020\/01\/Bo\u00eete17-433x1024.jpg 433w, https:\/\/amandinefabry.be\/wp-content\/uploads\/2020\/01\/Bo\u00eete17-127x300.jpg 127w, https:\/\/amandinefabry.be\/wp-content\/uploads\/2020\/01\/Bo\u00eete17-768x1816.jpg 768w, https:\/\/amandinefabry.be\/wp-content\/uploads\/2020\/01\/Bo\u00eete17-650x1536.jpg 650w, https:\/\/amandinefabry.be\/wp-content\/uploads\/2020\/01\/Bo\u00eete17-866x2048.jpg 866w, https:\/\/amandinefabry.be\/wp-content\/uploads\/2020\/01\/Bo\u00eete17-scaled.jpg 1083w\" sizes=\"auto, (max-width: 433px) 100vw, 433px\" \/><\/figure>\n\n\n\n<figure class=\"wp-block-image size-large\"><img decoding=\"async\" data-id=\"46\" src=\"http:\/\/amandinefabry.be\/wp-content\/uploads\/2020\/01\/Habit-T-tissageimpression-branche-1024x683.jpg\" alt=\"\" class=\"wp-image-46\"\/><\/figure>\n<\/figure>\n","protected":false},"excerpt":{"rendered":"<p>Amandine Fabry et France Marichal, designers textiles &amp; Olivier Sebasoni, photographe Entre mati\u00e8res et images,Entre lumi\u00e8res et couleurs&#8230; Deux univers se rencontrent et dialoguent.<br \/>Ce[\u2026]<\/p>\n","protected":false},"author":3,"featured_media":0,"parent":0,"menu_order":0,"comment_status":"closed","ping_status":"closed","template":"page-templates\/fullwidth.php","meta":{"remove_blocks_before_content":false,"remove_blocks_after_content":false,"countdown_timer_date_events":"","disable_reading_progress_bar":false,"footnotes":""},"class_list":["post-333","page","type-page","status-publish","hentry"],"featured_image_src":null,"featured_image_src_square":null,"_links":{"self":[{"href":"https:\/\/amandinefabry.be\/index.php\/wp-json\/wp\/v2\/pages\/333","targetHints":{"allow":["GET"]}}],"collection":[{"href":"https:\/\/amandinefabry.be\/index.php\/wp-json\/wp\/v2\/pages"}],"about":[{"href":"https:\/\/amandinefabry.be\/index.php\/wp-json\/wp\/v2\/types\/page"}],"author":[{"embeddable":true,"href":"https:\/\/amandinefabry.be\/index.php\/wp-json\/wp\/v2\/users\/3"}],"replies":[{"embeddable":true,"href":"https:\/\/amandinefabry.be\/index.php\/wp-json\/wp\/v2\/comments?post=333"}],"version-history":[{"count":10,"href":"https:\/\/amandinefabry.be\/index.php\/wp-json\/wp\/v2\/pages\/333\/revisions"}],"predecessor-version":[{"id":2547,"href":"https:\/\/amandinefabry.be\/index.php\/wp-json\/wp\/v2\/pages\/333\/revisions\/2547"}],"wp:attachment":[{"href":"https:\/\/amandinefabry.be\/index.php\/wp-json\/wp\/v2\/media?parent=333"}],"curies":[{"name":"wp","href":"https:\/\/api.w.org\/{rel}","templated":true}]}}