{"id":350,"date":"2020-01-19T22:43:09","date_gmt":"2020-01-19T21:43:09","guid":{"rendered":"http:\/\/amandinefabry.be\/?page_id=350"},"modified":"2024-05-27T21:20:47","modified_gmt":"2024-05-27T19:20:47","slug":"350-2","status":"publish","type":"page","link":"https:\/\/amandinefabry.be\/index.php\/350-2\/","title":{"rendered":"Description du projet \/ Gen\u00e8se du projet"},"content":{"rendered":"\n<p><strong>Un bureau de cr\u00e9ation textile conjoint \u00e0 un atelier de tissage manuel.<\/strong><\/p>\n\n\n\n<p>Amandine FABRY &amp; France MARICHAL (\u2020)<\/p>\n\n\n\n<p>Nous nous sommes rencontr\u00e9es au travers du projet p\u00e9dagogique men\u00e9 en commun \u00e0 l\u2019Acad\u00e9mie royale des Beaux-Arts de Bruxelles-ESA. A cette occasion nous avons d\u00e9couvert nos affinit\u00e9s dans la fa\u00e7on d\u2019appr\u00e9hender la cr\u00e9ation textile. Ensuite, nous n\u2019avons cess\u00e9 d\u2019\u00e9changer et de nous questionner. C\u2019est donc naturellement, au fil du temps, que s\u2019est concr\u00e9tis\u00e9e l\u2019envie de mener ensemble un projet nous permettant d\u2019appliquer les concepts et les id\u00e9es auxquels avaient abouti nos r\u00e9flexions.<\/p>\n\n\n\n<p>Il s\u2019agit donc bien d\u2019un travail \u00e0 deux voix et quatre mains, de l\u2019ouverture d\u2019un espace o\u00f9 chacune d\u2019entre nous accueille et questionne la sensibilit\u00e9 de l\u2019autre. Les cr\u00e9ations pr\u00e9sent\u00e9es sont le r\u00e9sultat de ce que chacune, au-del\u00e0 de nos parcours individuels, a d\u00e9couvert et partag\u00e9 plut\u00f4t qu\u2019un collage artificiel de deux subjectivit\u00e9s affirm\u00e9es.&nbsp;<br>Habit T est n\u00e9.<\/p>\n\n\n\n<p><strong>Concepts et objectifs<\/strong><\/p>\n\n\n\n<p><strong>Symbiose entre le savoir faire manuel et la technologie<\/strong><br>L\u2019id\u00e9e directrice dans la conception des tissus est guid\u00e9e par l\u2019envie de lier et d\u2019extraire les richesses potentielles du savoir faire traditionnel (utiliser les potentialit\u00e9s et les sp\u00e9cificit\u00e9s du tissage) et des avanc\u00e9es de la technologie plut\u00f4t que de les opposer ou que de choisir un mode uniforme de production. Les produits utilis\u00e9s sont tiss\u00e9s \u00e0 la main mais en recourant \u00e0 certaines technologies dans le processus de cr\u00e9ation. Il s\u2019agit donc de provoquer une rencontre entre diff\u00e9rentes approches au lieu de les mettre en concurrence.&nbsp;<\/p>\n\n\n\n<p>Notre mani\u00e8re de revaloriser le savoir faire du tissage est d\u2019exploiter toutes les complexit\u00e9s et ing\u00e9niosit\u00e9s de celui-ci en analysant et en intervenant sur chaque \u00e9l\u00e9ments constitutifs mis en \u0153uvre pour son \u00e9laboration. Nous ne nous imposons aucunes restrictions dans les diff\u00e9rents proc\u00e9d\u00e9s qui faciliteraient la r\u00e9alisation et donc qui amputeraient le r\u00e9sultat et la richesse de l\u2019\u00e9criture.&nbsp;<\/p>\n\n\n\n<figure class=\"wp-block-image size-large\"><img decoding=\"async\" src=\"http:\/\/amandinefabry.be\/wp-content\/uploads\/2020\/02\/Capture-d\u2019\u00e9cran-2020-02-07-\u00e0-11.59.30-1024x716.png\" alt=\"\" class=\"wp-image-723\"\/><\/figure>\n\n\n\n<p><strong>Nos partenaires :<\/strong><\/p>\n\n\n\n<p><a rel=\"noreferrer noopener\" href=\"http:\/\/www.deltracon.be\/\" target=\"_blank\">NV Deltracon, tissus d&rsquo;ameublement haut de gamme <\/a><br><a rel=\"noreferrer noopener\" href=\"http:\/\/www.jos-vanneste.com\/\" target=\"_blank\">NV Jos Vanneste, filature de lin situ\u00e9 \u00e0 Harelbeke<\/a><br><a rel=\"noreferrer noopener\" href=\"http:\/\/www.lemmens-cables.be\/\" target=\"_blank\">SA Lemmens, manutention de b\u00e2ches et chapiteaux<\/a><br><a rel=\"noreferrer noopener\" href=\"http:\/\/www.archetype-sprl.be\/\" target=\"_blank\">Archetype SPRL, maquettistes et designers associ\u00e9s situ\u00e9 \u00e0 Forest (Bruxelles)<\/a><\/p>\n","protected":false},"excerpt":{"rendered":"<p>Un bureau de cr\u00e9ation textile conjoint \u00e0 un atelier de tissage manuel.<br \/> Amandine FABRY &amp; France MARICHAL (\u2020) Nous nous sommes rencontr\u00e9es au travers[\u2026]<\/p>\n","protected":false},"author":3,"featured_media":0,"parent":0,"menu_order":0,"comment_status":"closed","ping_status":"closed","template":"page-templates\/fullwidth.php","meta":{"remove_blocks_before_content":false,"remove_blocks_after_content":false,"countdown_timer_date_events":"","disable_reading_progress_bar":false,"footnotes":""},"class_list":["post-350","page","type-page","status-publish","hentry"],"featured_image_src":null,"featured_image_src_square":null,"_links":{"self":[{"href":"https:\/\/amandinefabry.be\/index.php\/wp-json\/wp\/v2\/pages\/350","targetHints":{"allow":["GET"]}}],"collection":[{"href":"https:\/\/amandinefabry.be\/index.php\/wp-json\/wp\/v2\/pages"}],"about":[{"href":"https:\/\/amandinefabry.be\/index.php\/wp-json\/wp\/v2\/types\/page"}],"author":[{"embeddable":true,"href":"https:\/\/amandinefabry.be\/index.php\/wp-json\/wp\/v2\/users\/3"}],"replies":[{"embeddable":true,"href":"https:\/\/amandinefabry.be\/index.php\/wp-json\/wp\/v2\/comments?post=350"}],"version-history":[{"count":10,"href":"https:\/\/amandinefabry.be\/index.php\/wp-json\/wp\/v2\/pages\/350\/revisions"}],"predecessor-version":[{"id":1393,"href":"https:\/\/amandinefabry.be\/index.php\/wp-json\/wp\/v2\/pages\/350\/revisions\/1393"}],"wp:attachment":[{"href":"https:\/\/amandinefabry.be\/index.php\/wp-json\/wp\/v2\/media?parent=350"}],"curies":[{"name":"wp","href":"https:\/\/api.w.org\/{rel}","templated":true}]}}