{"id":364,"date":"2020-01-19T23:24:41","date_gmt":"2020-01-19T22:24:41","guid":{"rendered":"http:\/\/amandinefabry.be\/?page_id=364"},"modified":"2024-05-29T10:59:07","modified_gmt":"2024-05-29T08:59:07","slug":"collection-textiles","status":"publish","type":"page","link":"https:\/\/amandinefabry.be\/index.php\/collection-textiles\/","title":{"rendered":"Collection &#8211; textiles habit-T"},"content":{"rendered":"\n<p>Par l\u2019exp\u00e9rimentation radicale de mati\u00e8res et la connaissance approfondie du tissage, habit-T propose des collections in\u00e9dites de textiles innovants. Les diff\u00e9rentes mati\u00e8res sont disponibles au m\u00e8tre en 75cm de large et peuvent \u00eatre produites en version 100% anti-feu (Trevira CS).<\/p>\n\n\n\n<div class=\"wp-block-columns is-layout-flex wp-container-core-columns-is-layout-1 wp-block-columns-is-layout-flex\">\n<div class=\"wp-block-column is-layout-flow wp-block-column-is-layout-flow\">\n<h2 class=\"wp-block-heading\" id=\"strate\" id=\"strate\" id=\"strate\">strate<\/h2>\n\n\n<div class=\"swiper\" slider-width=\"360\" slider-align-center=\"\" slider-width-scrollbar=\"\" slider-transition-effect=\"fade\"><div class=\"swiper-wrapper\"><div class=\"swiper-slide\"><div class=\"swiper-zoom-container\"><img loading=\"lazy\" decoding=\"async\" src=\"https:\/\/amandinefabry.be\/wp-content\/uploads\/2020\/01\/Strate-Photo2.jpg\" width=\"2272\" height=\"1704\" alt=\"\"><\/div><\/div><div class=\"swiper-slide\"><div class=\"swiper-zoom-container\"><img loading=\"lazy\" decoding=\"async\" src=\"https:\/\/amandinefabry.be\/wp-content\/uploads\/2020\/01\/Strate.jpg\" width=\"2272\" height=\"1704\" alt=\"\"><\/div><\/div><div class=\"swiper-slide\"><div class=\"swiper-zoom-container\"><img loading=\"lazy\" decoding=\"async\" src=\"https:\/\/amandinefabry.be\/wp-content\/uploads\/2020\/01\/Strate-Photo1.jpg\" width=\"2272\" height=\"1704\" alt=\"\"><\/div><\/div><\/div><div style=\"--slider-dotsNavColor:#FFFFFF;\" class=\"swiper-pagination\"><\/div><div style=\"--slider-arrowsNavColor:#FFFFFF; --slider-arrowsNavBgcolor:transparent; --slider-arrowsNavHoverBgcolor:transparent;\" class=\"swiper-button-prev\"><\/div><div style=\"--slider-arrowsNavColor:#FFFFFF; --slider-arrowsNavBgcolor:transparent; --slider-arrowsNavHoverBgcolor:transparent;\" class=\"swiper-button-next\"><\/div><\/div><\/div>\n\n\n\n<div class=\"wp-block-column is-layout-flow wp-block-column-is-layout-flow\">\n<h2 class=\"wp-block-heading\" id=\"ecume\" id=\"ecume\" id=\"ecume\">\u00e9cume<\/h2>\n\n\n<div class=\"swiper\" slider-width=\"360\" slider-align-center=\"\" slider-width-scrollbar=\"\" slider-transition-effect=\"fade\"><div class=\"swiper-wrapper\"><div class=\"swiper-slide\"><div class=\"swiper-zoom-container\"><img loading=\"lazy\" decoding=\"async\" src=\"https:\/\/amandinefabry.be\/wp-content\/uploads\/2024\/05\/IMG_0007-3.jpg\" width=\"2148\" height=\"1611\" alt=\"Img 0007 3\"><\/div><\/div><div class=\"swiper-slide\"><div class=\"swiper-zoom-container\"><img loading=\"lazy\" decoding=\"async\" src=\"https:\/\/amandinefabry.be\/wp-content\/uploads\/2024\/05\/Ecume1-2.jpg\" width=\"2200\" height=\"1650\" alt=\"Ecume1 2\"><\/div><\/div><div class=\"swiper-slide\"><div class=\"swiper-zoom-container\"><img loading=\"lazy\" decoding=\"async\" src=\"https:\/\/amandinefabry.be\/wp-content\/uploads\/2020\/01\/IMG_0133.jpg\" width=\"2496\" height=\"1664\" alt=\"\"><\/div><\/div><\/div><div style=\"--slider-dotsNavColor:#FFFFFF;\" class=\"swiper-pagination\"><\/div><div style=\"--slider-arrowsNavColor:#FFFFFF; --slider-arrowsNavBgcolor:transparent; --slider-arrowsNavHoverBgcolor:transparent;\" class=\"swiper-button-prev\"><\/div><div style=\"--slider-arrowsNavColor:#FFFFFF; --slider-arrowsNavBgcolor:transparent; --slider-arrowsNavHoverBgcolor:transparent;\" class=\"swiper-button-next\"><\/div><\/div><\/div>\n\n\n\n<div class=\"wp-block-column is-layout-flow wp-block-column-is-layout-flow\">\n<h2 class=\"wp-block-heading\" id=\"remous\" id=\"remous\" id=\"remous\">remous<\/h2>\n\n\n<div class=\"swiper\" slider-width=\"360\" slider-align-center=\"\" slider-width-scrollbar=\"\" slider-transition-effect=\"fade\"><div class=\"swiper-wrapper\"><div class=\"swiper-slide\"><div class=\"swiper-zoom-container\"><img loading=\"lazy\" decoding=\"async\" src=\"https:\/\/amandinefabry.be\/wp-content\/uploads\/2024\/05\/Remous-Photo2-2.jpg\" width=\"2058\" height=\"1544\" alt=\"Remous photo2 2\"><\/div><\/div><div class=\"swiper-slide\"><div class=\"swiper-zoom-container\"><img loading=\"lazy\" decoding=\"async\" src=\"https:\/\/amandinefabry.be\/wp-content\/uploads\/2024\/05\/Remous-Photo3-2.jpg\" width=\"2174\" height=\"1630\" alt=\"Remous photo3 2\"><\/div><\/div><\/div><div style=\"--slider-dotsNavColor:#FFFFFF;\" class=\"swiper-pagination\"><\/div><div style=\"--slider-arrowsNavColor:#FFFFFF; --slider-arrowsNavBgcolor:transparent; --slider-arrowsNavHoverBgcolor:transparent;\" class=\"swiper-button-prev\"><\/div><div style=\"--slider-arrowsNavColor:#FFFFFF; --slider-arrowsNavBgcolor:transparent; --slider-arrowsNavHoverBgcolor:transparent;\" class=\"swiper-button-next\"><\/div><\/div><\/div>\n<\/div>\n\n\n\n<div class=\"wp-block-columns is-layout-flex wp-container-core-columns-is-layout-3 wp-block-columns-is-layout-flex\">\n<div class=\"wp-block-column is-layout-flow wp-block-column-is-layout-flow\">\n<div class=\"wp-block-columns is-layout-flex wp-container-core-columns-is-layout-2 wp-block-columns-is-layout-flex\">\n<div class=\"wp-block-column is-layout-flow wp-block-column-is-layout-flow\">\n<h2 class=\"wp-block-heading\" id=\"corolle\" id=\"corolle\" id=\"corolle\" id=\"corolle\" id=\"corolle\">corolle<\/h2>\n\n\n<div class=\"swiper\" slider-width=\"360\" slider-align-center=\"\" slider-width-scrollbar=\"\" slider-transition-effect=\"fade\"><div class=\"swiper-wrapper\"><div class=\"swiper-slide\"><div class=\"swiper-zoom-container\"><img loading=\"lazy\" decoding=\"async\" src=\"https:\/\/amandinefabry.be\/wp-content\/uploads\/2024\/05\/Habit-T-paravent-5-3-1-scaled.jpg\" width=\"2560\" height=\"1920\" alt=\"Habit t paravent 5 3 1\"><\/div><\/div><div class=\"swiper-slide\"><div class=\"swiper-zoom-container\"><img loading=\"lazy\" decoding=\"async\" src=\"https:\/\/amandinefabry.be\/wp-content\/uploads\/2024\/05\/IMG_0010.jpg\" width=\"2148\" height=\"1611\" alt=\"Img 0010\"><\/div><\/div><div class=\"swiper-slide\"><div class=\"swiper-zoom-container\"><img loading=\"lazy\" decoding=\"async\" src=\"https:\/\/amandinefabry.be\/wp-content\/uploads\/2024\/05\/Zoom-8-3.jpg\" width=\"2309\" height=\"1732\" alt=\"Zoom 8 3\"><\/div><\/div><\/div><div style=\"--slider-dotsNavColor:#FFFFFF;\" class=\"swiper-pagination\"><\/div><div style=\"--slider-arrowsNavColor:#FFFFFF; --slider-arrowsNavBgcolor:transparent; --slider-arrowsNavHoverBgcolor:transparent;\" class=\"swiper-button-prev\"><\/div><div style=\"--slider-arrowsNavColor:#FFFFFF; --slider-arrowsNavBgcolor:transparent; --slider-arrowsNavHoverBgcolor:transparent;\" class=\"swiper-button-next\"><\/div><\/div><\/div>\n\n\n\n<div class=\"wp-block-column is-layout-flow wp-block-column-is-layout-flow\">\n<h2 class=\"wp-block-heading\" id=\"petale\" id=\"petale\" id=\"petale\" id=\"petale\" id=\"petale\">p\u00e9tale<\/h2>\n\n\n<div class=\"swiper\" slider-width=\"360\" slider-align-center=\"\" slider-width-scrollbar=\"\" slider-transition-effect=\"fade\"><div class=\"swiper-wrapper\"><div class=\"swiper-slide\"><div class=\"swiper-zoom-container\"><img loading=\"lazy\" decoding=\"async\" src=\"https:\/\/amandinefabry.be\/wp-content\/uploads\/2024\/05\/Corolle-Photo1.jpg\" width=\"2272\" height=\"1704\" alt=\"Corolle photo1\"><\/div><\/div><div class=\"swiper-slide\"><div class=\"swiper-zoom-container\"><img loading=\"lazy\" decoding=\"async\" src=\"https:\/\/amandinefabry.be\/wp-content\/uploads\/2020\/01\/Corolle-Photo4.jpg\" width=\"2272\" height=\"1704\" alt=\"\"><\/div><\/div><div class=\"swiper-slide\"><div class=\"swiper-zoom-container\"><img loading=\"lazy\" decoding=\"async\" src=\"https:\/\/amandinefabry.be\/wp-content\/uploads\/2024\/05\/Corolle-Photo2.jpg\" width=\"2272\" height=\"1704\" alt=\"Corolle photo2\"><\/div><\/div><\/div><div style=\"--slider-dotsNavColor:#FFFFFF;\" class=\"swiper-pagination\"><\/div><div style=\"--slider-arrowsNavColor:#FFFFFF; --slider-arrowsNavBgcolor:transparent; --slider-arrowsNavHoverBgcolor:transparent;\" class=\"swiper-button-prev\"><\/div><div style=\"--slider-arrowsNavColor:#FFFFFF; --slider-arrowsNavBgcolor:transparent; --slider-arrowsNavHoverBgcolor:transparent;\" class=\"swiper-button-next\"><\/div><\/div><\/div>\n\n\n\n<div class=\"wp-block-column is-layout-flow wp-block-column-is-layout-flow\">\n<h2 class=\"wp-block-heading\" id=\"cumulus\" id=\"cumulus\" id=\"cumulus\" id=\"cumulus\" id=\"cumulus\">cumulus<\/h2>\n\n\n<div class=\"swiper\" slider-width=\"360\" slider-align-center=\"\" slider-width-scrollbar=\"\" slider-transition-effect=\"fade\"><div class=\"swiper-wrapper\"><div class=\"swiper-slide\"><div class=\"swiper-zoom-container\"><img loading=\"lazy\" decoding=\"async\" src=\"https:\/\/amandinefabry.be\/wp-content\/uploads\/2020\/01\/DSCN6871.jpg\" width=\"2272\" height=\"1704\" alt=\"\"><\/div><\/div><div class=\"swiper-slide\"><div class=\"swiper-zoom-container\"><img loading=\"lazy\" decoding=\"async\" src=\"https:\/\/amandinefabry.be\/wp-content\/uploads\/2021\/10\/Photo3.jpg\" width=\"2272\" height=\"1704\" alt=\"\"><\/div><\/div><\/div><div style=\"--slider-dotsNavColor:#FFFFFF;\" class=\"swiper-pagination\"><\/div><div style=\"--slider-arrowsNavColor:#FFFFFF; --slider-arrowsNavBgcolor:transparent; --slider-arrowsNavHoverBgcolor:transparent;\" class=\"swiper-button-prev\"><\/div><div style=\"--slider-arrowsNavColor:#FFFFFF; --slider-arrowsNavBgcolor:transparent; --slider-arrowsNavHoverBgcolor:transparent;\" class=\"swiper-button-next\"><\/div><\/div><\/div>\n<\/div>\n<\/div>\n<\/div>\n\n\n\n<div class=\"wp-block-columns is-layout-flex wp-container-core-columns-is-layout-4 wp-block-columns-is-layout-flex\">\n<div class=\"wp-block-column is-layout-flow wp-block-column-is-layout-flow\">\n<h2 class=\"wp-block-heading\" id=\"dentelle\" id=\"dentelle\" id=\"dentelle\">dentelle<\/h2>\n\n\n<div class=\"swiper\" slider-width=\"360\" slider-align-center=\"\" slider-width-scrollbar=\"\" slider-transition-effect=\"fade\"><div class=\"swiper-wrapper\"><div class=\"swiper-slide\"><div class=\"swiper-zoom-container\"><img loading=\"lazy\" decoding=\"async\" src=\"https:\/\/amandinefabry.be\/wp-content\/uploads\/2024\/05\/Store-dentelle-1.jpg\" width=\"2272\" height=\"1704\" alt=\"Store dentelle 1\"><\/div><\/div><div class=\"swiper-slide\"><div class=\"swiper-zoom-container\"><img loading=\"lazy\" decoding=\"async\" src=\"https:\/\/amandinefabry.be\/wp-content\/uploads\/2024\/05\/Habit-TDentelle5-1.jpg\" width=\"2272\" height=\"1704\" alt=\"Habit tdentelle5 1\"><\/div><\/div><div class=\"swiper-slide\"><div class=\"swiper-zoom-container\"><img loading=\"lazy\" decoding=\"async\" src=\"https:\/\/amandinefabry.be\/wp-content\/uploads\/2024\/05\/Photo10.jpg\" width=\"2272\" height=\"1704\" alt=\"Photo10\"><\/div><\/div><\/div><div style=\"--slider-dotsNavColor:#FFFFFF;\" class=\"swiper-pagination\"><\/div><div style=\"--slider-arrowsNavColor:#FFFFFF; --slider-arrowsNavBgcolor:transparent; --slider-arrowsNavHoverBgcolor:transparent;\" class=\"swiper-button-prev\"><\/div><div style=\"--slider-arrowsNavColor:#FFFFFF; --slider-arrowsNavBgcolor:transparent; --slider-arrowsNavHoverBgcolor:transparent;\" class=\"swiper-button-next\"><\/div><\/div><\/div>\n\n\n\n<div class=\"wp-block-column is-layout-flow wp-block-column-is-layout-flow\">\n<h2 class=\"wp-block-heading\" id=\"case\" id=\"case\" id=\"case\">case<\/h2>\n\n\n<div class=\"swiper\" slider-width=\"360\" slider-align-center=\"\" slider-width-scrollbar=\"\" slider-transition-effect=\"fade\"><div class=\"swiper-wrapper\"><div class=\"swiper-slide\"><div class=\"swiper-zoom-container\"><img loading=\"lazy\" decoding=\"async\" src=\"https:\/\/amandinefabry.be\/wp-content\/uploads\/2020\/01\/Case-Photo3.jpg\" width=\"2272\" height=\"1704\" alt=\"\"><\/div><\/div><div class=\"swiper-slide\"><div class=\"swiper-zoom-container\"><img loading=\"lazy\" decoding=\"async\" src=\"https:\/\/amandinefabry.be\/wp-content\/uploads\/2024\/05\/Photo1-2.jpg\" width=\"2200\" height=\"1650\" alt=\"Photo1 2\"><\/div><\/div><div class=\"swiper-slide\"><div class=\"swiper-zoom-container\"><img loading=\"lazy\" decoding=\"async\" src=\"https:\/\/amandinefabry.be\/wp-content\/uploads\/2020\/01\/Habit-TCase1-scaled.jpg\" width=\"2560\" height=\"1707\" alt=\"\"><\/div><\/div><\/div><div style=\"--slider-dotsNavColor:#FFFFFF;\" class=\"swiper-pagination\"><\/div><div style=\"--slider-arrowsNavColor:#FFFFFF; --slider-arrowsNavBgcolor:transparent; --slider-arrowsNavHoverBgcolor:transparent;\" class=\"swiper-button-prev\"><\/div><div style=\"--slider-arrowsNavColor:#FFFFFF; --slider-arrowsNavBgcolor:transparent; --slider-arrowsNavHoverBgcolor:transparent;\" class=\"swiper-button-next\"><\/div><\/div><\/div>\n\n\n\n<div class=\"wp-block-column is-layout-flow wp-block-column-is-layout-flow\">\n<h2 class=\"wp-block-heading\" id=\"flot\" id=\"flot\" id=\"flot\">flot<\/h2>\n\n\n<div class=\"swiper\" slider-width=\"360\" slider-align-center=\"\" slider-width-scrollbar=\"\" slider-transition-effect=\"fade\"><div class=\"swiper-wrapper\"><div class=\"swiper-slide\"><div class=\"swiper-zoom-container\"><img loading=\"lazy\" decoding=\"async\" src=\"https:\/\/amandinefabry.be\/wp-content\/uploads\/2024\/05\/Photo2-1-2.jpg\" width=\"1997\" height=\"1498\" alt=\"Photo2 1 2\"><\/div><\/div><\/div><div style=\"--slider-dotsNavColor:#FFFFFF;\" class=\"swiper-pagination\"><\/div><div style=\"--slider-arrowsNavColor:#FFFFFF; --slider-arrowsNavBgcolor:transparent; --slider-arrowsNavHoverBgcolor:transparent;\" class=\"swiper-button-prev\"><\/div><div style=\"--slider-arrowsNavColor:#FFFFFF; --slider-arrowsNavBgcolor:transparent; --slider-arrowsNavHoverBgcolor:transparent;\" class=\"swiper-button-next\"><\/div><\/div><\/div>\n<\/div>\n\n\n\n<p class=\"has-medium-font-size\"><\/p>\n\n\n\n<p class=\"has-medium-font-size has-eccp-large-font-size\"><strong>peaux de lumi\u00e8re<\/strong><\/p>\n\n\n\n<p class=\"has-medium-font-size\"><\/p>\n\n\n\n<div class=\"wp-block-columns is-layout-flex wp-container-core-columns-is-layout-5 wp-block-columns-is-layout-flex\">\n<div class=\"wp-block-column is-layout-flow wp-block-column-is-layout-flow\">\n<h2 class=\"wp-block-heading\" id=\"feuille\" id=\"feuille\" id=\"feuille\">feuille<\/h2>\n\n\n<div class=\"swiper\" slider-width=\"360\" slider-align-center=\"\" slider-width-scrollbar=\"\" slider-transition-effect=\"fade\"><div class=\"swiper-wrapper\"><div class=\"swiper-slide\"><div class=\"swiper-zoom-container\"><img loading=\"lazy\" decoding=\"async\" src=\"https:\/\/amandinefabry.be\/wp-content\/uploads\/2020\/01\/Habit-t-tissage-impression.jpg\" width=\"2496\" height=\"1664\" alt=\"\"><\/div><\/div><div class=\"swiper-slide\"><div class=\"swiper-zoom-container\"><img loading=\"lazy\" decoding=\"async\" src=\"https:\/\/amandinefabry.be\/wp-content\/uploads\/2020\/01\/IMG_0056.jpg\" width=\"2496\" height=\"1664\" alt=\"\"><\/div><\/div><div class=\"swiper-slide\"><div class=\"swiper-zoom-container\"><img loading=\"lazy\" decoding=\"async\" src=\"https:\/\/amandinefabry.be\/wp-content\/uploads\/2020\/01\/IMG_0049.jpg\" width=\"2496\" height=\"1664\" alt=\"\"><\/div><\/div><\/div><div style=\"--slider-dotsNavColor:#FFFFFF;\" class=\"swiper-pagination\"><\/div><div style=\"--slider-arrowsNavColor:#FFFFFF; --slider-arrowsNavBgcolor:transparent; --slider-arrowsNavHoverBgcolor:transparent;\" class=\"swiper-button-prev\"><\/div><div style=\"--slider-arrowsNavColor:#FFFFFF; --slider-arrowsNavBgcolor:transparent; --slider-arrowsNavHoverBgcolor:transparent;\" class=\"swiper-button-next\"><\/div><\/div><\/div>\n\n\n\n<div class=\"wp-block-column is-layout-flow wp-block-column-is-layout-flow\">\n<h2 class=\"wp-block-heading\" id=\"branche\" id=\"branche\" id=\"branche\">branche <\/h2>\n\n\n<div class=\"swiper\" slider-width=\"360\" slider-align-center=\"\" slider-width-scrollbar=\"\" slider-transition-effect=\"fade\"><div class=\"swiper-wrapper\"><div class=\"swiper-slide\"><div class=\"swiper-zoom-container\"><img loading=\"lazy\" decoding=\"async\" src=\"https:\/\/amandinefabry.be\/wp-content\/uploads\/2020\/01\/Habit-T-tissageimpression-branche.jpg\" width=\"2496\" height=\"1664\" alt=\"\"><\/div><\/div><div class=\"swiper-slide\"><div class=\"swiper-zoom-container\"><img loading=\"lazy\" decoding=\"async\" src=\"https:\/\/amandinefabry.be\/wp-content\/uploads\/2020\/01\/IMG_0120.jpg\" width=\"2496\" height=\"1664\" alt=\"\"><\/div><\/div><div class=\"swiper-slide\"><div class=\"swiper-zoom-container\"><img loading=\"lazy\" decoding=\"async\" src=\"https:\/\/amandinefabry.be\/wp-content\/uploads\/2020\/01\/IMG_0186.jpg\" width=\"2496\" height=\"1664\" alt=\"\"><\/div><\/div><\/div><div style=\"--slider-dotsNavColor:#FFFFFF;\" class=\"swiper-pagination\"><\/div><div style=\"--slider-arrowsNavColor:#FFFFFF; --slider-arrowsNavBgcolor:transparent; --slider-arrowsNavHoverBgcolor:transparent;\" class=\"swiper-button-prev\"><\/div><div style=\"--slider-arrowsNavColor:#FFFFFF; --slider-arrowsNavBgcolor:transparent; --slider-arrowsNavHoverBgcolor:transparent;\" class=\"swiper-button-next\"><\/div><\/div><\/div>\n\n\n\n<div class=\"wp-block-column is-layout-flow wp-block-column-is-layout-flow\"><\/div>\n<\/div>\n\n\n\n<div class=\"wp-block-columns is-layout-flex wp-container-core-columns-is-layout-6 wp-block-columns-is-layout-flex\">\n<div class=\"wp-block-column is-layout-flow wp-block-column-is-layout-flow\">\n<h2 class=\"wp-block-heading\" id=\"bonbon\" id=\"bonbon\" id=\"bonbon\">bonbon<\/h2>\n\n\n<div class=\"swiper\" slider-width=\"360\" slider-align-center=\"\" slider-width-scrollbar=\"\" slider-transition-effect=\"fade\"><div class=\"swiper-wrapper\"><div class=\"swiper-slide\"><div class=\"swiper-zoom-container\"><img loading=\"lazy\" decoding=\"async\" src=\"https:\/\/amandinefabry.be\/wp-content\/uploads\/2020\/01\/IMG_0212.jpg\" width=\"1664\" height=\"2496\" alt=\"\"><\/div><\/div><div class=\"swiper-slide\"><div class=\"swiper-zoom-container\"><img loading=\"lazy\" decoding=\"async\" src=\"https:\/\/amandinefabry.be\/wp-content\/uploads\/2020\/01\/Habit-T-tissageimpression-bonbon.jpg\" width=\"2496\" height=\"1664\" alt=\"\"><\/div><\/div><div class=\"swiper-slide\"><div class=\"swiper-zoom-container\"><img loading=\"lazy\" decoding=\"async\" src=\"https:\/\/amandinefabry.be\/wp-content\/uploads\/2020\/01\/Bonbon2-1-scaled.jpg\" width=\"2560\" height=\"1691\" alt=\"\"><\/div><\/div><\/div><div style=\"--slider-dotsNavColor:#FFFFFF;\" class=\"swiper-pagination\"><\/div><div style=\"--slider-arrowsNavColor:#FFFFFF; --slider-arrowsNavBgcolor:transparent; --slider-arrowsNavHoverBgcolor:transparent;\" class=\"swiper-button-prev\"><\/div><div style=\"--slider-arrowsNavColor:#FFFFFF; --slider-arrowsNavBgcolor:transparent; --slider-arrowsNavHoverBgcolor:transparent;\" class=\"swiper-button-next\"><\/div><\/div><\/div>\n\n\n\n<div class=\"wp-block-column is-layout-flow wp-block-column-is-layout-flow\">\n<h2 class=\"wp-block-heading\" id=\"flaque\" id=\"flaque\" id=\"flaque\">flaque<\/h2>\n\n\n<div class=\"swiper\" slider-width=\"360\" slider-align-center=\"\" slider-width-scrollbar=\"\" slider-transition-effect=\"fade\"><div class=\"swiper-wrapper\"><div class=\"swiper-slide\"><div class=\"swiper-zoom-container\"><img loading=\"lazy\" decoding=\"async\" src=\"https:\/\/amandinefabry.be\/wp-content\/uploads\/2020\/02\/reflet1-scaled.jpg\" width=\"2560\" height=\"1691\" alt=\"\"><\/div><\/div><div class=\"swiper-slide\"><div class=\"swiper-zoom-container\"><img loading=\"lazy\" decoding=\"async\" src=\"https:\/\/amandinefabry.be\/wp-content\/uploads\/2021\/10\/IMG_0042.jpg\" width=\"2496\" height=\"1664\" alt=\"\"><\/div><\/div><\/div><div style=\"--slider-dotsNavColor:#FFFFFF;\" class=\"swiper-pagination\"><\/div><div style=\"--slider-arrowsNavColor:#FFFFFF; --slider-arrowsNavBgcolor:transparent; --slider-arrowsNavHoverBgcolor:transparent;\" class=\"swiper-button-prev\"><\/div><div style=\"--slider-arrowsNavColor:#FFFFFF; --slider-arrowsNavBgcolor:transparent; --slider-arrowsNavHoverBgcolor:transparent;\" class=\"swiper-button-next\"><\/div><\/div><\/div>\n\n\n\n<div class=\"wp-block-column is-layout-flow wp-block-column-is-layout-flow\"><\/div>\n<\/div>\n","protected":false},"excerpt":{"rendered":"<p>Par l\u2019exp\u00e9rimentation radicale de mati\u00e8res et la connaissance approfondie du tissage, habit-T propose des collections in\u00e9dites de textiles innovants.<br \/> Les diff\u00e9rentes mati\u00e8res sont disponibles[\u2026]<\/p>\n","protected":false},"author":3,"featured_media":0,"parent":0,"menu_order":0,"comment_status":"closed","ping_status":"closed","template":"page-templates\/fullwidth.php","meta":{"remove_blocks_before_content":false,"remove_blocks_after_content":false,"countdown_timer_date_events":"","disable_reading_progress_bar":false,"footnotes":""},"class_list":["post-364","page","type-page","status-publish","hentry"],"featured_image_src":null,"featured_image_src_square":null,"_links":{"self":[{"href":"https:\/\/amandinefabry.be\/index.php\/wp-json\/wp\/v2\/pages\/364","targetHints":{"allow":["GET"]}}],"collection":[{"href":"https:\/\/amandinefabry.be\/index.php\/wp-json\/wp\/v2\/pages"}],"about":[{"href":"https:\/\/amandinefabry.be\/index.php\/wp-json\/wp\/v2\/types\/page"}],"author":[{"embeddable":true,"href":"https:\/\/amandinefabry.be\/index.php\/wp-json\/wp\/v2\/users\/3"}],"replies":[{"embeddable":true,"href":"https:\/\/amandinefabry.be\/index.php\/wp-json\/wp\/v2\/comments?post=364"}],"version-history":[{"count":72,"href":"https:\/\/amandinefabry.be\/index.php\/wp-json\/wp\/v2\/pages\/364\/revisions"}],"predecessor-version":[{"id":3112,"href":"https:\/\/amandinefabry.be\/index.php\/wp-json\/wp\/v2\/pages\/364\/revisions\/3112"}],"wp:attachment":[{"href":"https:\/\/amandinefabry.be\/index.php\/wp-json\/wp\/v2\/media?parent=364"}],"curies":[{"name":"wp","href":"https:\/\/api.w.org\/{rel}","templated":true}]}}