{"id":495,"date":"2020-01-20T13:18:04","date_gmt":"2020-01-20T12:18:04","guid":{"rendered":"http:\/\/amandinefabry.be\/?page_id=495"},"modified":"2021-10-22T10:34:51","modified_gmt":"2021-10-22T08:34:51","slug":"partenariat-avec-les-ateliers-de-delapartdefred-haute-couture-dameublement","status":"publish","type":"page","link":"https:\/\/amandinefabry.be\/index.php\/partenariat-avec-les-ateliers-de-delapartdefred-haute-couture-dameublement\/","title":{"rendered":"Partenariat avec les ateliers DELAPARTDEFRED, haute couture d&rsquo;ameublement"},"content":{"rendered":"\n<p>Suite \u00e0 des contacts \u00e9tablis sur diff\u00e9rents salons professionnels, une collaboration s\u2019est instaur\u00e9e entre habit-T et l\u2019atelier parisien d\u2019ameublement haute-couture \u00ab&nbsp;delapartdefred&nbsp;\u00bb. Ce d\u00e9corateur s\u2019est sp\u00e9cialis\u00e9 en habillage de fen\u00eatre par un travail raffin\u00e9 dans la mise en valeur des volumes et de la lumi\u00e8re. Cette collaboration permet d\u2019offrir une finition ajust\u00e9e dans la mise en forme des mati\u00e8res d&rsquo;habit-T.<br><\/p>\n\n\n\n<figure class=\"wp-block-gallery columns-1 is-cropped wp-block-gallery-1 is-layout-flex wp-block-gallery-is-layout-flex\"><ul class=\"blocks-gallery-grid\"><li class=\"blocks-gallery-item\"><figure><img loading=\"lazy\" decoding=\"async\" width=\"1024\" height=\"683\" src=\"http:\/\/amandinefabry.be\/wp-content\/uploads\/2021\/10\/IMG_0079-1024x683.jpg\" alt=\"\" data-id=\"1524\" data-full-url=\"http:\/\/amandinefabry.be\/wp-content\/uploads\/2021\/10\/IMG_0079.jpg\" data-link=\"http:\/\/amandinefabry.be\/index.php\/100-design-london\/img_0079\/\" class=\"wp-image-1524\" srcset=\"https:\/\/amandinefabry.be\/wp-content\/uploads\/2021\/10\/IMG_0079-1024x683.jpg 1024w, https:\/\/amandinefabry.be\/wp-content\/uploads\/2021\/10\/IMG_0079-300x200.jpg 300w, https:\/\/amandinefabry.be\/wp-content\/uploads\/2021\/10\/IMG_0079-768x512.jpg 768w, https:\/\/amandinefabry.be\/wp-content\/uploads\/2021\/10\/IMG_0079-1536x1024.jpg 1536w, https:\/\/amandinefabry.be\/wp-content\/uploads\/2021\/10\/IMG_0079-2048x1365.jpg 2048w, https:\/\/amandinefabry.be\/wp-content\/uploads\/2021\/10\/IMG_0079-600x400.jpg 600w\" sizes=\"auto, (max-width: 1024px) 100vw, 1024px\" \/><\/figure><\/li><\/ul><\/figure>\n\n\n\n<p>Stores<\/p>\n\n\n\n<figure class=\"wp-block-gallery columns-2 is-cropped wp-block-gallery-2 is-layout-flex wp-block-gallery-is-layout-flex\"><ul class=\"blocks-gallery-grid\"><li class=\"blocks-gallery-item\"><figure><img loading=\"lazy\" decoding=\"async\" width=\"683\" height=\"1024\" src=\"http:\/\/amandinefabry.be\/wp-content\/uploads\/2021\/10\/IMG_0241-683x1024.jpg\" alt=\"\" data-id=\"1163\" data-link=\"http:\/\/amandinefabry.be\/index.php\/partenariat-avec-les-ateliers-de-delapartdefred-haute-couture-dameublement\/img_0241\/\" class=\"wp-image-1163\" srcset=\"https:\/\/amandinefabry.be\/wp-content\/uploads\/2021\/10\/IMG_0241-683x1024.jpg 683w, https:\/\/amandinefabry.be\/wp-content\/uploads\/2021\/10\/IMG_0241-200x300.jpg 200w, https:\/\/amandinefabry.be\/wp-content\/uploads\/2021\/10\/IMG_0241-768x1152.jpg 768w, https:\/\/amandinefabry.be\/wp-content\/uploads\/2021\/10\/IMG_0241-1024x1536.jpg 1024w, https:\/\/amandinefabry.be\/wp-content\/uploads\/2021\/10\/IMG_0241-1365x2048.jpg 1365w, https:\/\/amandinefabry.be\/wp-content\/uploads\/2021\/10\/IMG_0241.jpg 1664w\" sizes=\"auto, (max-width: 683px) 100vw, 683px\" \/><\/figure><\/li><li class=\"blocks-gallery-item\"><figure><img loading=\"lazy\" decoding=\"async\" width=\"1024\" height=\"683\" src=\"http:\/\/amandinefabry.be\/wp-content\/uploads\/2021\/10\/IMG_0010-1-1024x683.jpg\" alt=\"\" data-id=\"1172\" data-full-url=\"http:\/\/amandinefabry.be\/wp-content\/uploads\/2021\/10\/IMG_0010-1.jpg\" data-link=\"http:\/\/amandinefabry.be\/index.php\/partenariat-avec-les-ateliers-de-delapartdefred-haute-couture-dameublement\/img_0010-1\/\" class=\"wp-image-1172\" srcset=\"https:\/\/amandinefabry.be\/wp-content\/uploads\/2021\/10\/IMG_0010-1-1024x683.jpg 1024w, https:\/\/amandinefabry.be\/wp-content\/uploads\/2021\/10\/IMG_0010-1-300x200.jpg 300w, https:\/\/amandinefabry.be\/wp-content\/uploads\/2021\/10\/IMG_0010-1-768x512.jpg 768w, https:\/\/amandinefabry.be\/wp-content\/uploads\/2021\/10\/IMG_0010-1-1536x1024.jpg 1536w, https:\/\/amandinefabry.be\/wp-content\/uploads\/2021\/10\/IMG_0010-1-2048x1365.jpg 2048w, https:\/\/amandinefabry.be\/wp-content\/uploads\/2021\/10\/IMG_0010-1-600x400.jpg 600w\" sizes=\"auto, (max-width: 1024px) 100vw, 1024px\" \/><\/figure><\/li><\/ul><\/figure>\n\n\n\n<div class=\"wp-block-columns is-layout-flex wp-container-core-columns-is-layout-1 wp-block-columns-is-layout-flex\">\n<div class=\"wp-block-column is-layout-flow wp-block-column-is-layout-flow\">\n<figure class=\"wp-block-gallery columns-2 is-cropped wp-block-gallery-3 is-layout-flex wp-block-gallery-is-layout-flex\"><ul class=\"blocks-gallery-grid\"><li class=\"blocks-gallery-item\"><figure><img loading=\"lazy\" decoding=\"async\" width=\"683\" height=\"1024\" src=\"http:\/\/amandinefabry.be\/wp-content\/uploads\/2021\/10\/IMG_0038-683x1024.jpg\" alt=\"\" data-id=\"1170\" data-full-url=\"http:\/\/amandinefabry.be\/wp-content\/uploads\/2021\/10\/IMG_0038.jpg\" data-link=\"http:\/\/amandinefabry.be\/index.php\/partenariat-avec-les-ateliers-de-delapartdefred-haute-couture-dameublement\/img_0038\/\" class=\"wp-image-1170\" srcset=\"https:\/\/amandinefabry.be\/wp-content\/uploads\/2021\/10\/IMG_0038-683x1024.jpg 683w, https:\/\/amandinefabry.be\/wp-content\/uploads\/2021\/10\/IMG_0038-200x300.jpg 200w, https:\/\/amandinefabry.be\/wp-content\/uploads\/2021\/10\/IMG_0038-768x1152.jpg 768w, https:\/\/amandinefabry.be\/wp-content\/uploads\/2021\/10\/IMG_0038-1024x1536.jpg 1024w, https:\/\/amandinefabry.be\/wp-content\/uploads\/2021\/10\/IMG_0038-1365x2048.jpg 1365w, https:\/\/amandinefabry.be\/wp-content\/uploads\/2021\/10\/IMG_0038.jpg 1664w\" sizes=\"auto, (max-width: 683px) 100vw, 683px\" \/><\/figure><\/li><li class=\"blocks-gallery-item\"><figure><img loading=\"lazy\" decoding=\"async\" width=\"683\" height=\"1024\" src=\"http:\/\/amandinefabry.be\/wp-content\/uploads\/2021\/10\/IMG_0039-1-683x1024.jpg\" alt=\"\" data-id=\"1171\" data-full-url=\"http:\/\/amandinefabry.be\/wp-content\/uploads\/2021\/10\/IMG_0039-1.jpg\" data-link=\"http:\/\/amandinefabry.be\/index.php\/partenariat-avec-les-ateliers-de-delapartdefred-haute-couture-dameublement\/img_0039-1\/\" class=\"wp-image-1171\" srcset=\"https:\/\/amandinefabry.be\/wp-content\/uploads\/2021\/10\/IMG_0039-1-683x1024.jpg 683w, https:\/\/amandinefabry.be\/wp-content\/uploads\/2021\/10\/IMG_0039-1-200x300.jpg 200w, https:\/\/amandinefabry.be\/wp-content\/uploads\/2021\/10\/IMG_0039-1-768x1152.jpg 768w, https:\/\/amandinefabry.be\/wp-content\/uploads\/2021\/10\/IMG_0039-1-1024x1536.jpg 1024w, https:\/\/amandinefabry.be\/wp-content\/uploads\/2021\/10\/IMG_0039-1-1365x2048.jpg 1365w, https:\/\/amandinefabry.be\/wp-content\/uploads\/2021\/10\/IMG_0039-1.jpg 1664w\" sizes=\"auto, (max-width: 683px) 100vw, 683px\" \/><\/figure><\/li><\/ul><\/figure>\n<\/div>\n<\/div>\n\n\n\n<p>Rideaux \u00ab\u00a0\u00e9cume\u00a0\u00bb<\/p>\n\n\n\n<figure class=\"wp-block-gallery columns-3 is-cropped wp-block-gallery-4 is-layout-flex wp-block-gallery-is-layout-flex\"><ul class=\"blocks-gallery-grid\"><li class=\"blocks-gallery-item\"><figure><img loading=\"lazy\" decoding=\"async\" width=\"1024\" height=\"683\" src=\"http:\/\/amandinefabry.be\/wp-content\/uploads\/2020\/01\/IMG_0086-1024x683.jpg\" alt=\"\" data-id=\"526\" data-full-url=\"http:\/\/amandinefabry.be\/wp-content\/uploads\/2020\/01\/IMG_0086.jpg\" data-link=\"http:\/\/amandinefabry.be\/img_0086\/\" class=\"wp-image-526\" srcset=\"https:\/\/amandinefabry.be\/wp-content\/uploads\/2020\/01\/IMG_0086-1024x683.jpg 1024w, https:\/\/amandinefabry.be\/wp-content\/uploads\/2020\/01\/IMG_0086-300x200.jpg 300w, https:\/\/amandinefabry.be\/wp-content\/uploads\/2020\/01\/IMG_0086-768x512.jpg 768w, https:\/\/amandinefabry.be\/wp-content\/uploads\/2020\/01\/IMG_0086-1536x1024.jpg 1536w, https:\/\/amandinefabry.be\/wp-content\/uploads\/2020\/01\/IMG_0086-2048x1365.jpg 2048w, https:\/\/amandinefabry.be\/wp-content\/uploads\/2020\/01\/IMG_0086-600x400.jpg 600w\" sizes=\"auto, (max-width: 1024px) 100vw, 1024px\" \/><\/figure><\/li><li class=\"blocks-gallery-item\"><figure><img loading=\"lazy\" decoding=\"async\" width=\"683\" height=\"1024\" src=\"http:\/\/amandinefabry.be\/wp-content\/uploads\/2020\/01\/IMG_0077-683x1024.jpg\" alt=\"\" data-id=\"517\" data-full-url=\"http:\/\/amandinefabry.be\/wp-content\/uploads\/2020\/01\/IMG_0077.jpg\" data-link=\"http:\/\/amandinefabry.be\/img_0077\/\" class=\"wp-image-517\" srcset=\"https:\/\/amandinefabry.be\/wp-content\/uploads\/2020\/01\/IMG_0077-683x1024.jpg 683w, https:\/\/amandinefabry.be\/wp-content\/uploads\/2020\/01\/IMG_0077-200x300.jpg 200w, https:\/\/amandinefabry.be\/wp-content\/uploads\/2020\/01\/IMG_0077-768x1152.jpg 768w, https:\/\/amandinefabry.be\/wp-content\/uploads\/2020\/01\/IMG_0077-1024x1536.jpg 1024w, https:\/\/amandinefabry.be\/wp-content\/uploads\/2020\/01\/IMG_0077-1365x2048.jpg 1365w, https:\/\/amandinefabry.be\/wp-content\/uploads\/2020\/01\/IMG_0077.jpg 1664w\" sizes=\"auto, (max-width: 683px) 100vw, 683px\" \/><\/figure><\/li><li class=\"blocks-gallery-item\"><figure><img loading=\"lazy\" decoding=\"async\" width=\"683\" height=\"1024\" src=\"http:\/\/amandinefabry.be\/wp-content\/uploads\/2020\/01\/IMG_0018-683x1024.jpg\" alt=\"\" data-id=\"507\" data-full-url=\"http:\/\/amandinefabry.be\/wp-content\/uploads\/2020\/01\/IMG_0018.jpg\" data-link=\"http:\/\/amandinefabry.be\/img_0018\/\" class=\"wp-image-507\" srcset=\"https:\/\/amandinefabry.be\/wp-content\/uploads\/2020\/01\/IMG_0018-683x1024.jpg 683w, https:\/\/amandinefabry.be\/wp-content\/uploads\/2020\/01\/IMG_0018-200x300.jpg 200w, https:\/\/amandinefabry.be\/wp-content\/uploads\/2020\/01\/IMG_0018-768x1152.jpg 768w, https:\/\/amandinefabry.be\/wp-content\/uploads\/2020\/01\/IMG_0018-1024x1536.jpg 1024w, https:\/\/amandinefabry.be\/wp-content\/uploads\/2020\/01\/IMG_0018-1365x2048.jpg 1365w, https:\/\/amandinefabry.be\/wp-content\/uploads\/2020\/01\/IMG_0018.jpg 1664w\" sizes=\"auto, (max-width: 683px) 100vw, 683px\" \/><\/figure><\/li><li class=\"blocks-gallery-item\"><figure><img loading=\"lazy\" decoding=\"async\" width=\"683\" height=\"1024\" src=\"http:\/\/amandinefabry.be\/wp-content\/uploads\/2020\/01\/IMG_0097-683x1024.jpg\" alt=\"\" data-id=\"527\" data-full-url=\"http:\/\/amandinefabry.be\/wp-content\/uploads\/2020\/01\/IMG_0097.jpg\" data-link=\"http:\/\/amandinefabry.be\/img_0097\/\" class=\"wp-image-527\" srcset=\"https:\/\/amandinefabry.be\/wp-content\/uploads\/2020\/01\/IMG_0097-683x1024.jpg 683w, https:\/\/amandinefabry.be\/wp-content\/uploads\/2020\/01\/IMG_0097-200x300.jpg 200w, https:\/\/amandinefabry.be\/wp-content\/uploads\/2020\/01\/IMG_0097-768x1152.jpg 768w, https:\/\/amandinefabry.be\/wp-content\/uploads\/2020\/01\/IMG_0097-1024x1536.jpg 1024w, https:\/\/amandinefabry.be\/wp-content\/uploads\/2020\/01\/IMG_0097-1365x2048.jpg 1365w, https:\/\/amandinefabry.be\/wp-content\/uploads\/2020\/01\/IMG_0097.jpg 1664w\" sizes=\"auto, (max-width: 683px) 100vw, 683px\" \/><\/figure><\/li><\/ul><\/figure>\n\n\n\n<p>Showroom<\/p>\n\n\n\n<div class=\"wp-block-group\"><div class=\"wp-block-group__inner-container is-layout-flow wp-block-group-is-layout-flow\">\n<figure class=\"wp-block-gallery columns-3 is-cropped wp-block-gallery-5 is-layout-flex wp-block-gallery-is-layout-flex\"><ul class=\"blocks-gallery-grid\"><li class=\"blocks-gallery-item\"><figure><img loading=\"lazy\" decoding=\"async\" width=\"1024\" height=\"683\" src=\"http:\/\/amandinefabry.be\/wp-content\/uploads\/2020\/01\/IMG_0056-1024x683.jpg\" alt=\"\" data-id=\"514\" data-link=\"http:\/\/amandinefabry.be\/img_0056\/\" class=\"wp-image-514\" srcset=\"https:\/\/amandinefabry.be\/wp-content\/uploads\/2020\/01\/IMG_0056-1024x683.jpg 1024w, https:\/\/amandinefabry.be\/wp-content\/uploads\/2020\/01\/IMG_0056-300x200.jpg 300w, https:\/\/amandinefabry.be\/wp-content\/uploads\/2020\/01\/IMG_0056-768x512.jpg 768w, https:\/\/amandinefabry.be\/wp-content\/uploads\/2020\/01\/IMG_0056-1536x1024.jpg 1536w, https:\/\/amandinefabry.be\/wp-content\/uploads\/2020\/01\/IMG_0056-2048x1365.jpg 2048w, https:\/\/amandinefabry.be\/wp-content\/uploads\/2020\/01\/IMG_0056-600x400.jpg 600w\" sizes=\"auto, (max-width: 1024px) 100vw, 1024px\" \/><\/figure><\/li><li class=\"blocks-gallery-item\"><figure><img loading=\"lazy\" decoding=\"async\" width=\"683\" height=\"1024\" src=\"http:\/\/amandinefabry.be\/wp-content\/uploads\/2021\/10\/IMG_0052-683x1024.jpg\" alt=\"\" data-id=\"1159\" data-link=\"http:\/\/amandinefabry.be\/index.php\/partenariat-avec-les-ateliers-de-delapartdefred-haute-couture-dameublement\/img_0052\/\" class=\"wp-image-1159\" srcset=\"https:\/\/amandinefabry.be\/wp-content\/uploads\/2021\/10\/IMG_0052-683x1024.jpg 683w, https:\/\/amandinefabry.be\/wp-content\/uploads\/2021\/10\/IMG_0052-200x300.jpg 200w, https:\/\/amandinefabry.be\/wp-content\/uploads\/2021\/10\/IMG_0052-768x1152.jpg 768w, https:\/\/amandinefabry.be\/wp-content\/uploads\/2021\/10\/IMG_0052-1024x1536.jpg 1024w, https:\/\/amandinefabry.be\/wp-content\/uploads\/2021\/10\/IMG_0052-1365x2048.jpg 1365w, https:\/\/amandinefabry.be\/wp-content\/uploads\/2021\/10\/IMG_0052.jpg 1664w\" sizes=\"auto, (max-width: 683px) 100vw, 683px\" \/><\/figure><\/li><li class=\"blocks-gallery-item\"><figure><img loading=\"lazy\" decoding=\"async\" width=\"677\" height=\"1024\" src=\"http:\/\/amandinefabry.be\/wp-content\/uploads\/2021\/10\/DSC_0042-677x1024.jpg\" alt=\"\" data-id=\"1164\" data-full-url=\"http:\/\/amandinefabry.be\/wp-content\/uploads\/2021\/10\/DSC_0042-scaled.jpg\" data-link=\"http:\/\/amandinefabry.be\/index.php\/partenariat-avec-les-ateliers-de-delapartdefred-haute-couture-dameublement\/dsc_0042\/\" class=\"wp-image-1164\" srcset=\"https:\/\/amandinefabry.be\/wp-content\/uploads\/2021\/10\/DSC_0042-677x1024.jpg 677w, https:\/\/amandinefabry.be\/wp-content\/uploads\/2021\/10\/DSC_0042-198x300.jpg 198w, https:\/\/amandinefabry.be\/wp-content\/uploads\/2021\/10\/DSC_0042-768x1162.jpg 768w, https:\/\/amandinefabry.be\/wp-content\/uploads\/2021\/10\/DSC_0042-1015x1536.jpg 1015w, https:\/\/amandinefabry.be\/wp-content\/uploads\/2021\/10\/DSC_0042-1353x2048.jpg 1353w, https:\/\/amandinefabry.be\/wp-content\/uploads\/2021\/10\/DSC_0042-scaled.jpg 1691w\" sizes=\"auto, (max-width: 677px) 100vw, 677px\" \/><\/figure><\/li><li class=\"blocks-gallery-item\"><figure><img loading=\"lazy\" decoding=\"async\" width=\"1024\" height=\"683\" src=\"http:\/\/amandinefabry.be\/wp-content\/uploads\/2021\/10\/IMG_0049-1024x683.jpg\" alt=\"\" data-id=\"1165\" data-full-url=\"http:\/\/amandinefabry.be\/wp-content\/uploads\/2021\/10\/IMG_0049.jpg\" data-link=\"http:\/\/amandinefabry.be\/index.php\/partenariat-avec-les-ateliers-de-delapartdefred-haute-couture-dameublement\/img_0049-2\/\" class=\"wp-image-1165\" srcset=\"https:\/\/amandinefabry.be\/wp-content\/uploads\/2021\/10\/IMG_0049-1024x683.jpg 1024w, https:\/\/amandinefabry.be\/wp-content\/uploads\/2021\/10\/IMG_0049-300x200.jpg 300w, https:\/\/amandinefabry.be\/wp-content\/uploads\/2021\/10\/IMG_0049-768x512.jpg 768w, https:\/\/amandinefabry.be\/wp-content\/uploads\/2021\/10\/IMG_0049-1536x1024.jpg 1536w, https:\/\/amandinefabry.be\/wp-content\/uploads\/2021\/10\/IMG_0049-2048x1365.jpg 2048w, https:\/\/amandinefabry.be\/wp-content\/uploads\/2021\/10\/IMG_0049-600x400.jpg 600w\" sizes=\"auto, (max-width: 1024px) 100vw, 1024px\" \/><\/figure><\/li><\/ul><\/figure>\n<\/div><\/div>\n\n\n\n<figure class=\"wp-block-gallery columns-3 is-cropped wp-block-gallery-6 is-layout-flex wp-block-gallery-is-layout-flex\"><ul class=\"blocks-gallery-grid\"><li class=\"blocks-gallery-item\"><figure><img loading=\"lazy\" decoding=\"async\" width=\"683\" height=\"1024\" src=\"http:\/\/amandinefabry.be\/wp-content\/uploads\/2020\/01\/IMG_0212-683x1024.jpg\" alt=\"\" data-id=\"547\" data-full-url=\"http:\/\/amandinefabry.be\/wp-content\/uploads\/2020\/01\/IMG_0212.jpg\" data-link=\"http:\/\/amandinefabry.be\/img_0212\/\" class=\"wp-image-547\" srcset=\"https:\/\/amandinefabry.be\/wp-content\/uploads\/2020\/01\/IMG_0212-683x1024.jpg 683w, https:\/\/amandinefabry.be\/wp-content\/uploads\/2020\/01\/IMG_0212-200x300.jpg 200w, https:\/\/amandinefabry.be\/wp-content\/uploads\/2020\/01\/IMG_0212-768x1152.jpg 768w, https:\/\/amandinefabry.be\/wp-content\/uploads\/2020\/01\/IMG_0212-1024x1536.jpg 1024w, https:\/\/amandinefabry.be\/wp-content\/uploads\/2020\/01\/IMG_0212-1365x2048.jpg 1365w, https:\/\/amandinefabry.be\/wp-content\/uploads\/2020\/01\/IMG_0212.jpg 1664w\" sizes=\"auto, (max-width: 683px) 100vw, 683px\" \/><\/figure><\/li><li class=\"blocks-gallery-item\"><figure><img loading=\"lazy\" decoding=\"async\" width=\"1024\" height=\"683\" src=\"http:\/\/amandinefabry.be\/wp-content\/uploads\/2020\/01\/IMG_0186-1024x683.jpg\" alt=\"\" data-id=\"545\" data-full-url=\"http:\/\/amandinefabry.be\/wp-content\/uploads\/2020\/01\/IMG_0186.jpg\" data-link=\"http:\/\/amandinefabry.be\/img_0186\/\" class=\"wp-image-545\" srcset=\"https:\/\/amandinefabry.be\/wp-content\/uploads\/2020\/01\/IMG_0186-1024x683.jpg 1024w, https:\/\/amandinefabry.be\/wp-content\/uploads\/2020\/01\/IMG_0186-300x200.jpg 300w, https:\/\/amandinefabry.be\/wp-content\/uploads\/2020\/01\/IMG_0186-768x512.jpg 768w, https:\/\/amandinefabry.be\/wp-content\/uploads\/2020\/01\/IMG_0186-1536x1024.jpg 1536w, https:\/\/amandinefabry.be\/wp-content\/uploads\/2020\/01\/IMG_0186-2048x1365.jpg 2048w, https:\/\/amandinefabry.be\/wp-content\/uploads\/2020\/01\/IMG_0186-600x400.jpg 600w\" sizes=\"auto, (max-width: 1024px) 100vw, 1024px\" \/><\/figure><\/li><li class=\"blocks-gallery-item\"><figure><img loading=\"lazy\" decoding=\"async\" width=\"1024\" height=\"683\" src=\"http:\/\/amandinefabry.be\/wp-content\/uploads\/2020\/01\/IMG_0120-1024x683.jpg\" alt=\"\" data-id=\"536\" data-full-url=\"http:\/\/amandinefabry.be\/wp-content\/uploads\/2020\/01\/IMG_0120.jpg\" data-link=\"http:\/\/amandinefabry.be\/img_0120\/\" class=\"wp-image-536\" srcset=\"https:\/\/amandinefabry.be\/wp-content\/uploads\/2020\/01\/IMG_0120-1024x683.jpg 1024w, https:\/\/amandinefabry.be\/wp-content\/uploads\/2020\/01\/IMG_0120-300x200.jpg 300w, https:\/\/amandinefabry.be\/wp-content\/uploads\/2020\/01\/IMG_0120-768x512.jpg 768w, https:\/\/amandinefabry.be\/wp-content\/uploads\/2020\/01\/IMG_0120-1536x1024.jpg 1536w, https:\/\/amandinefabry.be\/wp-content\/uploads\/2020\/01\/IMG_0120-2048x1365.jpg 2048w, https:\/\/amandinefabry.be\/wp-content\/uploads\/2020\/01\/IMG_0120-600x400.jpg 600w\" sizes=\"auto, (max-width: 1024px) 100vw, 1024px\" \/><\/figure><\/li><li class=\"blocks-gallery-item\"><figure><img loading=\"lazy\" decoding=\"async\" width=\"1024\" height=\"683\" src=\"http:\/\/amandinefabry.be\/wp-content\/uploads\/2020\/01\/Habit-T-tissageimpression-bonbon-1024x683.jpg\" alt=\"\" data-id=\"500\" data-full-url=\"http:\/\/amandinefabry.be\/wp-content\/uploads\/2020\/01\/Habit-T-tissageimpression-bonbon.jpg\" data-link=\"http:\/\/amandinefabry.be\/habit-t-tissageimpression-bonbon\/\" class=\"wp-image-500\" srcset=\"https:\/\/amandinefabry.be\/wp-content\/uploads\/2020\/01\/Habit-T-tissageimpression-bonbon-1024x683.jpg 1024w, https:\/\/amandinefabry.be\/wp-content\/uploads\/2020\/01\/Habit-T-tissageimpression-bonbon-300x200.jpg 300w, https:\/\/amandinefabry.be\/wp-content\/uploads\/2020\/01\/Habit-T-tissageimpression-bonbon-768x512.jpg 768w, https:\/\/amandinefabry.be\/wp-content\/uploads\/2020\/01\/Habit-T-tissageimpression-bonbon-1536x1024.jpg 1536w, https:\/\/amandinefabry.be\/wp-content\/uploads\/2020\/01\/Habit-T-tissageimpression-bonbon-2048x1365.jpg 2048w, https:\/\/amandinefabry.be\/wp-content\/uploads\/2020\/01\/Habit-T-tissageimpression-bonbon-600x400.jpg 600w\" sizes=\"auto, (max-width: 1024px) 100vw, 1024px\" \/><\/figure><\/li><\/ul><\/figure>\n\n\n\n<p>Coussins<\/p>\n\n\n\n<figure class=\"wp-block-gallery columns-1 is-cropped wp-block-gallery-7 is-layout-flex wp-block-gallery-is-layout-flex\"><ul class=\"blocks-gallery-grid\"><li class=\"blocks-gallery-item\"><figure><img loading=\"lazy\" decoding=\"async\" width=\"1024\" height=\"683\" src=\"http:\/\/amandinefabry.be\/wp-content\/uploads\/2020\/01\/IMG_0128-1024x683.jpg\" alt=\"\" data-id=\"538\" data-full-url=\"http:\/\/amandinefabry.be\/wp-content\/uploads\/2020\/01\/IMG_0128.jpg\" data-link=\"http:\/\/amandinefabry.be\/img_0128\/\" class=\"wp-image-538\" srcset=\"https:\/\/amandinefabry.be\/wp-content\/uploads\/2020\/01\/IMG_0128-1024x683.jpg 1024w, https:\/\/amandinefabry.be\/wp-content\/uploads\/2020\/01\/IMG_0128-300x200.jpg 300w, https:\/\/amandinefabry.be\/wp-content\/uploads\/2020\/01\/IMG_0128-768x512.jpg 768w, https:\/\/amandinefabry.be\/wp-content\/uploads\/2020\/01\/IMG_0128-1536x1024.jpg 1536w, https:\/\/amandinefabry.be\/wp-content\/uploads\/2020\/01\/IMG_0128-2048x1365.jpg 2048w, https:\/\/amandinefabry.be\/wp-content\/uploads\/2020\/01\/IMG_0128-600x400.jpg 600w\" sizes=\"auto, (max-width: 1024px) 100vw, 1024px\" \/><\/figure><\/li><\/ul><\/figure>\n","protected":false},"excerpt":{"rendered":"<p>Suite \u00e0 des contacts \u00e9tablis sur diff\u00e9rents salons professionnels, une collaboration s\u2019est instaur\u00e9e entre habit-T et l\u2019atelier parisien d\u2019ameublement haute-couture \u00ab&nbsp;delapartdefred&nbsp;\u00bb.<br \/> Ce d\u00e9corateur s\u2019est[\u2026]<\/p>\n","protected":false},"author":3,"featured_media":0,"parent":0,"menu_order":0,"comment_status":"closed","ping_status":"closed","template":"","meta":{"remove_blocks_before_content":false,"remove_blocks_after_content":false,"countdown_timer_date_events":"","disable_reading_progress_bar":false,"footnotes":""},"class_list":["post-495","page","type-page","status-publish","hentry"],"featured_image_src":null,"featured_image_src_square":null,"_links":{"self":[{"href":"https:\/\/amandinefabry.be\/index.php\/wp-json\/wp\/v2\/pages\/495","targetHints":{"allow":["GET"]}}],"collection":[{"href":"https:\/\/amandinefabry.be\/index.php\/wp-json\/wp\/v2\/pages"}],"about":[{"href":"https:\/\/amandinefabry.be\/index.php\/wp-json\/wp\/v2\/types\/page"}],"author":[{"embeddable":true,"href":"https:\/\/amandinefabry.be\/index.php\/wp-json\/wp\/v2\/users\/3"}],"replies":[{"embeddable":true,"href":"https:\/\/amandinefabry.be\/index.php\/wp-json\/wp\/v2\/comments?post=495"}],"version-history":[{"count":13,"href":"https:\/\/amandinefabry.be\/index.php\/wp-json\/wp\/v2\/pages\/495\/revisions"}],"predecessor-version":[{"id":1527,"href":"https:\/\/amandinefabry.be\/index.php\/wp-json\/wp\/v2\/pages\/495\/revisions\/1527"}],"wp:attachment":[{"href":"https:\/\/amandinefabry.be\/index.php\/wp-json\/wp\/v2\/media?parent=495"}],"curies":[{"name":"wp","href":"https:\/\/api.w.org\/{rel}","templated":true}]}}