{"id":577,"date":"2020-01-20T13:54:15","date_gmt":"2020-01-20T12:54:15","guid":{"rendered":"http:\/\/amandinefabry.be\/?page_id=577"},"modified":"2025-10-20T20:50:23","modified_gmt":"2025-10-20T18:50:23","slug":"en-reflexion","status":"publish","type":"page","link":"https:\/\/amandinefabry.be\/","title":{"rendered":""},"content":{"rendered":"\n<p class=\"is-style-default has-eccp-regular-font-size has-eccp-regular-font-size\" style=\"border-style:none;border-width:0px;border-radius:0px\">TramesFACTICES est un lieu hybride entre design contemporain et savoir-faire textile : recherche textile qui met en oeuvre des structures visuelles jouant sur la perception tout en explorant des r\u00e9cits textiles \u00e0 travers une \u00e9criture singuli\u00e8re o\u00f9 graphisme, mat\u00e9rialit\u00e9 et h\u00e9ritage culturel se rencontrent.&nbsp; Ce projet se d\u00e9ploie dans une collection de textiles d\u2019int\u00e9rieur, tels que plaids et pi\u00e8ces murales.<\/p>\n\n\n\n<p class=\"has-eccp-regular-font-size\" style=\"border-style:none;border-width:0px;border-radius:0px\">Le projet interroge la relation essentielle entre le fil, la ligne et la structure. La rayure se joue de la lin\u00e9arit\u00e9 du tissage et par son lien intrins\u00e8que avec les savoir-faire textiles, elle se pose en vecteur discret d\u2019un h\u00e9ritage immat\u00e9riel.<\/p>\n\n\n\n<div class=\"wp-block-columns is-layout-flex wp-container-core-columns-is-layout-1 wp-block-columns-is-layout-flex\">\n<div class=\"wp-block-column is-layout-flow wp-block-column-is-layout-flow\" style=\"flex-basis:66.66%\">\n<p class=\"has-eccp-regular-font-size\">Avec le soutien de la F\u00e9d\u00e9ration Wallonie-Bruxelles<\/p>\n<\/div>\n\n\n\n<div class=\"wp-block-column is-layout-flow wp-block-column-is-layout-flow\" style=\"flex-basis:33.33%\">\n<figure class=\"wp-block-gallery has-nested-images columns-default is-cropped wp-block-gallery-1 is-layout-flex wp-block-gallery-is-layout-flex\">\n<figure class=\"wp-block-image size-large\"><img decoding=\"async\" src=\"https:\/\/amandinefabry.be\/wp-content\/uploads\/2023\/11\/FWB_HORI_NOIR.tiff\" alt=\"\" class=\"wp-image-2007\"\/><\/figure>\n<\/figure>\n<\/div>\n<\/div>\n\n\n\n<p>&nbsp;<br><\/p>\n","protected":false},"excerpt":{"rendered":"<p>TramesFACTICES est un lieu hybride entre design contemporain et savoir-faire textile : recherche textile qui met en oeuvre des structures visuelles jouant sur la[\u2026]<\/p>\n","protected":false},"author":3,"featured_media":3688,"parent":0,"menu_order":0,"comment_status":"closed","ping_status":"closed","template":"","meta":{"remove_blocks_before_content":false,"remove_blocks_after_content":false,"countdown_timer_date_events":"","disable_reading_progress_bar":false,"footnotes":""},"class_list":["post-577","page","type-page","status-publish","has-post-thumbnail","hentry"],"featured_image_src":"https:\/\/amandinefabry.be\/wp-content\/uploads\/2025\/03\/IMG_5867-2-600x400.jpeg","featured_image_src_square":"https:\/\/amandinefabry.be\/wp-content\/uploads\/2025\/03\/IMG_5867-2-600x600.jpeg","_links":{"self":[{"href":"https:\/\/amandinefabry.be\/index.php\/wp-json\/wp\/v2\/pages\/577","targetHints":{"allow":["GET"]}}],"collection":[{"href":"https:\/\/amandinefabry.be\/index.php\/wp-json\/wp\/v2\/pages"}],"about":[{"href":"https:\/\/amandinefabry.be\/index.php\/wp-json\/wp\/v2\/types\/page"}],"author":[{"embeddable":true,"href":"https:\/\/amandinefabry.be\/index.php\/wp-json\/wp\/v2\/users\/3"}],"replies":[{"embeddable":true,"href":"https:\/\/amandinefabry.be\/index.php\/wp-json\/wp\/v2\/comments?post=577"}],"version-history":[{"count":47,"href":"https:\/\/amandinefabry.be\/index.php\/wp-json\/wp\/v2\/pages\/577\/revisions"}],"predecessor-version":[{"id":3802,"href":"https:\/\/amandinefabry.be\/index.php\/wp-json\/wp\/v2\/pages\/577\/revisions\/3802"}],"wp:featuredmedia":[{"embeddable":true,"href":"https:\/\/amandinefabry.be\/index.php\/wp-json\/wp\/v2\/media\/3688"}],"wp:attachment":[{"href":"https:\/\/amandinefabry.be\/index.php\/wp-json\/wp\/v2\/media?parent=577"}],"curies":[{"name":"wp","href":"https:\/\/api.w.org\/{rel}","templated":true}]}}